{"id":61807,"date":"2022-05-03T10:31:18","date_gmt":"2022-05-03T09:31:18","guid":{"rendered":"https:\/\/cigarquality.com\/?post_type=product&#038;p=61807"},"modified":"2025-07-25T13:37:06","modified_gmt":"2025-07-25T11:37:06","slug":"porsche-design-p-3645-02-flamme-plate","status":"publish","type":"product","link":"https:\/\/cigarquality.com\/ar\/boutique\/accessoires-cigares\/briquets\/porsche-design\/porsche-design-p-3645-02-flamme-plate\/","title":{"rendered":"\u0642\u062f\u0627\u062d\u0629 \u0628\u0648\u0631\u0634 \u062f\u064a\u0632\u0627\u064a\u0646 P' 3645.02 \u0630\u0627\u062a \u0627\u0644\u0644\u0647\u0628 \u0627\u0644\u0645\u0633\u0637\u062d"},"content":{"rendered":"<p>Le design fin et courb\u00e9 du briquet Porsche Design P&rsquo; 3645.02 souligne les exigences extraordinaires de Porsche Design. L&rsquo;injection plate de la flamme de ce briquet permet d&rsquo;obtenir une flamme plate et presque transparente dont la puissance est r\u00e9glable. Ce briquet est rechargeable avec du gaz pour briquet disponible dans le commerce. Volume maximum du remplissage de gaz : 1,0 gramme. Veuillez noter que les briquets anti-temp\u00eate ne peuvent pas \u00eatre transport\u00e9s dans les avions, tant dans les bagages \u00e0 main que dans les bagages enregistr\u00e9s.<\/p>\n<p>&nbsp;<\/p>\n<p><strong>\u0627\u0644\u0645\u0648\u0627\u062f :<\/strong> 65% \u0645\u0646 \u0627\u0644\u0641\u0648\u0644\u0627\u0630 \u0627\u0644\u0645\u0642\u0627\u0648\u0645 \u0644\u0644\u0635\u062f\u0623\/ 35% \u0645\u0646 \u0645\u0627\u062f\u0629 \u0635\u0646\u0627\u0639\u064a\u0629<\/p>","protected":false},"excerpt":{"rendered":"<p>\u0648\u0644\u0627\u0639\u0629 \u0646\u0641\u0627\u062b\u0629 \u0630\u0627\u062a \u0644\u0647\u0628 \u0648\u0627\u062d\u062f.<\/p>","protected":false},"featured_media":61804,"template":"","meta":{"_acf_changed":false},"product_brand":[],"product_cat":[21754,21984,39989],"product_tag":[],"class_list":{"0":"post-61807","1":"product","2":"type-product","3":"status-publish","4":"has-post-thumbnail","6":"product_cat-accessoires-cigares","7":"product_cat-briquets","8":"product_cat-porsche-design","9":"product_shipping_class-briquet","11":"first","12":"outofstock","13":"taxable","14":"shipping-taxable","15":"purchasable","16":"product-type-simple"},"acf":[],"_links":{"self":[{"href":"https:\/\/cigarquality.com\/ar\/wp-json\/wp\/v2\/product\/61807","targetHints":{"allow":["GET"]}}],"collection":[{"href":"https:\/\/cigarquality.com\/ar\/wp-json\/wp\/v2\/product"}],"about":[{"href":"https:\/\/cigarquality.com\/ar\/wp-json\/wp\/v2\/types\/product"}],"wp:featuredmedia":[{"embeddable":true,"href":"https:\/\/cigarquality.com\/ar\/wp-json\/wp\/v2\/media\/61804"}],"wp:attachment":[{"href":"https:\/\/cigarquality.com\/ar\/wp-json\/wp\/v2\/media?parent=61807"}],"wp:term":[{"taxonomy":"product_brand","embeddable":true,"href":"https:\/\/cigarquality.com\/ar\/wp-json\/wp\/v2\/product_brand?post=61807"},{"taxonomy":"product_cat","embeddable":true,"href":"https:\/\/cigarquality.com\/ar\/wp-json\/wp\/v2\/product_cat?post=61807"},{"taxonomy":"product_tag","embeddable":true,"href":"https:\/\/cigarquality.com\/ar\/wp-json\/wp\/v2\/product_tag?post=61807"}],"curies":[{"name":"\u062f\u0628\u0644\u064a\u0648 \u0628\u064a","href":"https:\/\/api.w.org\/{rel}","templated":true}]}}