{"id":60950,"date":"2022-05-02T15:58:33","date_gmt":"2022-05-02T13:58:33","guid":{"rendered":"https:\/\/cigarquality.com\/?post_type=product&#038;p=60950"},"modified":"2025-12-20T20:09:04","modified_gmt":"2025-12-20T19:09:04","slug":"cognac-louis-xiii-remy-martin-carafe-miniature-40-5cl","status":"publish","type":"product","link":"https:\/\/cigarquality.com\/ar\/boutique\/alcools\/cognac\/remy-martin\/louis-xiii\/cognac-louis-xiii-remy-martin-carafe-miniature-40-5cl\/","title":{"rendered":"\u0625\u0646\u0627\u0621 \u0643\u0648\u0646\u064a\u0627\u0643 \u0644\u0648\u064a\u0633 \u0627\u0644\u062b\u0627\u0644\u062b \u0639\u0634\u0631 \u0645\u0646 \u0631\u064a\u0645\u064a \u0645\u0627\u0631\u062a\u0646 \u0635\u063a\u064a\u0631 \u0627\u0644\u062d\u062c\u0645 40% \u0633\u0639\u0629 5 \u0633\u0646\u062a\u064a\u0644\u062a\u0631"},"content":{"rendered":"<div class=\"texte\">\n<p>\u064a\u064f\u0639\u062f \u0625\u0646\u0627\u0621 \u0645\u062c\u0645\u0648\u0639\u0629 LOUIS XIII La Miniature \u0627\u0644\u0641\u0631\u064a\u062f \u0645\u0646 \u0646\u0648\u0639\u0647 (5 \u0633\u0644) \u0645\u0642\u062f\u0645\u0629 \u0645\u062b\u0627\u0644\u064a\u0629 \u0644\u062a\u062c\u0631\u0628\u0629 \u0643\u0648\u0646\u064a\u0627\u0643 LOUIS XIII\u060c \u062d\u064a\u062b \u064a\u062d\u062a\u0648\u064a \u0639\u0644\u0649 \u0639\u0645\u0644 \u0623\u062c\u064a\u0627\u0644 \u0645\u0646 \u0623\u062c\u064a\u0627\u0644 \u0645\u0646 \u0623\u0633\u0627\u062a\u0630\u0629 \u0627\u0644\u0642\u0628\u0648 \u0644\u062f\u064a\u0646\u0627.<\/p>\n<div class=\"push-title\">\n<h3 class=\"headline4\">\u0644\u0648\u064a\u0632 \u0627\u0644\u062b\u0627\u0644\u062b \u0639\u0634\u0631 \u0627\u0644\u0645\u0635\u063a\u0631\u060c 5 \u0633\u0644<\/h3>\n<\/div>\n<div class=\"push-short-introduction\">\n<p>\u064a\u062d\u062a\u0648\u064a \u0627\u0644\u0643\u0648\u0646\u064a\u0627\u0643 \u0644\u0648\u064a\u0632 \u0627\u0644\u062b\u0627\u0644\u062b \u0639\u0634\u0631 \u0639\u0644\u0649 \u0645\u0632\u064a\u062c \u0641\u0631\u064a\u062f \u0645\u0646 \u0623\u0642\u062f\u0645 \u0648\u0623\u062b\u0645\u0646 \u0623\u0646\u0648\u0627\u0639 \u0627\u0644\u0643\u0648\u0646\u064a\u0627\u0643 \u0627\u0644\u0645\u0633\u062a\u062e\u0631\u062c\u0629 \u0645\u0646 \u0627\u0644\u0639\u0646\u0628 \u0627\u0644\u0645\u0632\u0631\u0648\u0639 \u0641\u064a \u063a\u0631\u0627\u0646\u062f \u0634\u0627\u0645\u0628\u0627\u0646\u064a\u0627. \u0648\u064a\u064f\u0633\u0643\u0628 \u0647\u0630\u0627 \u0627\u0644\u0633\u0627\u0626\u0644 \u0627\u0644\u0645\u0641\u0639\u0645 \u0628\u0627\u0644\u062d\u064a\u0648\u064a\u0629 \u0648\u0639\u062f\u064a\u0645 \u0627\u0644\u0644\u0648\u0646 \u0641\u064a \u0628\u0631\u0627\u0645\u064a\u0644 \u0628\u0644\u0648\u0637 \u0644\u064a\u0645\u0648\u0632\u064a\u0646 \u0627\u0644\u062a\u064a \u064a\u0639\u0648\u062f \u062a\u0627\u0631\u064a\u062e\u0647\u0627 \u0625\u0644\u0649 \u0642\u0631\u0646 \u0645\u0646 \u0627\u0644\u0632\u0645\u0627\u0646 \u0644\u064a\u0646\u0636\u062c \u0639\u0644\u0649 \u0645\u0631 \u0627\u0644\u0633\u0646\u064a\u0646.<\/p>\n<p>\u0645\u0646\u0630 \u0639\u0627\u0645 1874\u060c \u064a\u062d\u062a\u0641\u0638 \u0623\u0633\u064a\u0627\u062f \u0627\u0644\u0623\u0642\u0628\u064a\u0629 \u0644\u062f\u064a\u0646\u0627 \u0628\u0623\u0641\u0636\u0644 \u0623\u0646\u0648\u0627\u0639 \u0646\u0628\u064a\u0630 \u0627\u0644\u0634\u0627\u0645\u0628\u0627\u0646\u064a\u0627 \u0627\u0644\u0643\u0628\u0631\u0649 \u0644\u062e\u0644\u0641\u0627\u0626\u0647\u0645 \u0644\u0627\u0633\u062a\u062e\u062f\u0627\u0645\u0647\u0627 \u0641\u064a \u0627\u0644\u0645\u0633\u062a\u0642\u0628\u0644. \u0648\u0641\u064a \u0627\u0644\u0648\u0642\u062a \u0646\u0641\u0633\u0647\u060c \u064a\u0633\u062a\u062e\u062f\u0645 \u062e\u0628\u064a\u0631 \u0627\u0644\u0623\u0642\u0628\u064a\u0629 \u0644\u062f\u064a\u0646\u0627 \u062d\u062f\u0633\u0647 \u0627\u0644\u0641\u0646\u064a \u0648\u062f\u0631\u0627\u064a\u062a\u0647 \u0627\u0644\u0641\u0646\u064a\u0629 \u0644\u0627\u062e\u062a\u064a\u0627\u0631 \u0645\u062c\u0645\u0648\u0639\u0627\u062a \u0645\u062e\u062a\u0644\u0641\u0629 \u0645\u0646 \u0627\u0644\u0643\u0648\u0646\u064a\u0627\u0643 \u0627\u0644\u0645\u0639\u062a\u0642 \u0627\u0644\u0630\u064a \u0648\u0636\u0639\u0647 \u0623\u0633\u0644\u0627\u0641\u0647\u0645 \u062c\u0627\u0646\u0628\u0627\u064b \u0648\u0645\u0632\u062c\u0647\u0627 \u0628\u0637\u0631\u064a\u0642\u0629 \u062a\u062d\u0627\u0641\u0638 \u0639\u0644\u0649 \u0645\u0630\u0627\u0642 \u0648\u0631\u0627\u0626\u062d\u0629 \u0627\u0644\u0643\u0648\u0646\u064a\u0627\u0643 \u0644\u0648\u064a\u0632 \u0627\u0644\u062b\u0627\u0644\u062b \u0639\u0634\u0631 \u0645\u0639 \u0645\u0631\u0648\u0631 \u0627\u0644\u0648\u0642\u062a.<\/p>\n<div class=\"push-title\">\n<h3 class=\"headline4\">\u0627\u0644\u0625\u0628\u0631\u064a\u0642 \u0627\u0644\u0645\u0635\u063a\u0651\u0631<\/h3>\n<\/div>\n<div class=\"push-short-introduction\">\n<p>Notre LOUIS XIII Miniature a re\u00e7u le m\u00eame souci du d\u00e9tail que toutes les carafes de la Collection Iconique.\u00a0Chacun est fabriqu\u00e9 par les meilleurs artisans du cristal d&rsquo;Europe et tient dans la paume de votre main.\u00a0Le design, avec sa forme distinctive et son motif de fleur de lys, est inspir\u00e9 d&rsquo;un flacon du XVIe si\u00e8cle d\u00e9couvert sur le champ de bataille de Jarnac, en France.\u00a0Notre fondateur Paul-\u00c9mile R\u00e9my Martin a pris le flacon comme base de notre carafe d\u00e9sormais mondialement connue.<\/p>\n<div class=\"push-title\">\n<h3 class=\"headline4\">\u0627\u0644\u0645\u062c\u0645\u0648\u0639\u0629<\/h3>\n<\/div>\n<div class=\"push-short-introduction\">\n<p>\u064a\u064f\u0642\u062f\u064e\u0651\u0645 \u0627\u0644\u0645\u0635\u0641\u0642 \u0627\u0644\u0635\u063a\u064a\u0631 \u0627\u0644\u0631\u0642\u064a\u0642 \u0644\u0648\u064a\u0633 \u0627\u0644\u062b\u0627\u0644\u062b \u0639\u0634\u0631 \u0627\u0644\u0645\u0635\u063a\u0651\u0631 \u0641\u064a \u0635\u0646\u062f\u0648\u0642 \u0623\u062d\u0645\u0631 \u062e\u0627\u0635 \u0645\u062b\u0644 \u0627\u0644\u062c\u0648\u0647\u0631\u0629 \u0627\u0644\u062b\u0645\u064a\u0646\u0629. \u062a\u0645\u0627\u0645\u0627\u064b \u0645\u062b\u0644 \u0639\u0644\u0628\u0629 \u0627\u0644\u0645\u062c\u0648\u0647\u0631\u0627\u062a \u0627\u0644\u0639\u062a\u064a\u0642\u0629 \u0627\u0644\u062a\u064a \u0644\u0627 \u062a\u0642\u0644 \u0623\u0647\u0645\u064a\u0629 \u0639\u0646 \u0627\u0644\u0643\u0646\u0632 \u0627\u0644\u0645\u0648\u062c\u0648\u062f \u0628\u062f\u0627\u062e\u0644\u0647\u0627. \u062a\u0643\u0634\u0641 \u0627\u0644\u0639\u0644\u0628\u0629 \u0639\u0646 \u062f\u0648\u0631\u0642 \u0644\u0648\u064a\u0632 \u0627\u0644\u062b\u0627\u0644\u062b \u0639\u0634\u0631 \u0627\u0644\u0645\u0635\u063a\u0631\u060c \u0628\u0633\u062f\u0627\u062f\u0629 \u0632\u0647\u0631\u0629 \u0627\u0644\u0632\u0646\u0628\u0642 \u0648\u0627\u0644\u0631\u0642\u0628\u0629 \u0627\u0644\u0630\u0647\u0628\u064a\u0629 \u0627\u0644\u0623\u064a\u0642\u0648\u0646\u064a\u0629 \u0639\u064a\u0627\u0631 20 \u0642\u064a\u0631\u0627\u0637\u0627\u064b\u060c \u0628\u0643\u0644 \u062c\u0645\u0627\u0644\u0647\u0627.<\/p>\n<\/div>\n<\/div>\n<\/div>\n<\/div>","protected":false},"excerpt":{"rendered":"<p>\u0632\u062c\u0627\u062c\u0629 \u0633\u0639\u0629 5 \u0633\u0644.<\/p>","protected":false},"featured_media":60947,"template":"","meta":{"_acf_changed":false},"product_brand":[],"product_cat":[21852,40043,40073,40072],"product_tag":[],"class_list":{"0":"post-60950","1":"product","2":"type-product","3":"status-publish","4":"has-post-thumbnail","6":"product_cat-alcools","7":"product_cat-cognac","8":"product_cat-louis-xiii","9":"product_cat-remy-martin","10":"product_shipping_class-alcool","12":"first","13":"instock","14":"taxable","15":"shipping-taxable","16":"purchasable","17":"product-type-simple"},"acf":[],"_links":{"self":[{"href":"https:\/\/cigarquality.com\/ar\/wp-json\/wp\/v2\/product\/60950","targetHints":{"allow":["GET"]}}],"collection":[{"href":"https:\/\/cigarquality.com\/ar\/wp-json\/wp\/v2\/product"}],"about":[{"href":"https:\/\/cigarquality.com\/ar\/wp-json\/wp\/v2\/types\/product"}],"wp:featuredmedia":[{"embeddable":true,"href":"https:\/\/cigarquality.com\/ar\/wp-json\/wp\/v2\/media\/60947"}],"wp:attachment":[{"href":"https:\/\/cigarquality.com\/ar\/wp-json\/wp\/v2\/media?parent=60950"}],"wp:term":[{"taxonomy":"product_brand","embeddable":true,"href":"https:\/\/cigarquality.com\/ar\/wp-json\/wp\/v2\/product_brand?post=60950"},{"taxonomy":"product_cat","embeddable":true,"href":"https:\/\/cigarquality.com\/ar\/wp-json\/wp\/v2\/product_cat?post=60950"},{"taxonomy":"product_tag","embeddable":true,"href":"https:\/\/cigarquality.com\/ar\/wp-json\/wp\/v2\/product_tag?post=60950"}],"curies":[{"name":"\u062f\u0628\u0644\u064a\u0648 \u0628\u064a","href":"https:\/\/api.w.org\/{rel}","templated":true}]}}