{"id":60942,"date":"2022-05-02T14:58:28","date_gmt":"2022-05-02T13:58:28","guid":{"rendered":"https:\/\/cigarquality.com\/?post_type=product&#038;p=60942"},"modified":"2025-10-20T18:26:48","modified_gmt":"2025-10-20T16:26:48","slug":"cognac-grosperrin-grande-champagne-no-24-42-8-70cl","status":"publish","type":"product","link":"https:\/\/cigarquality.com\/ar\/boutique\/alcools\/cognac\/grosperrin\/cognac-grosperrin-grande-champagne-no-24-42-8-70cl\/","title":{"rendered":"\u0643\u0648\u0646\u064a\u0627\u0643 \u063a\u0631\u0648\u0633\u0628\u064a\u0631\u064a\u0646 \u063a\u0631\u0648\u0633\u0628\u064a\u0631\u064a\u0646 \u063a\u0631\u0627\u0646\u062f \u0634\u0627\u0645\u0628\u0627\u0646\u064a\u0627 \u0631\u0642\u0645 24 42.8% 70 \u0633\u0646\u062a\u064a\u0644\u062a\u0631"},"content":{"rendered":"<div class=\"texte\">\n<p>\u0644\u0642\u062f \u0643\u0627\u0646\u062a \u0623\u0631\u0645\u0644\u0629 \u0633\u0645\u0633\u0627\u0631 \u0646\u0628\u064a\u0630 \u0633\u0627\u0628\u0642\u060c \u0645\u062a\u0648\u0641\u0649 \u0627\u0644\u0622\u0646\u060c \u0647\u064a \u0627\u0644\u062a\u064a \u0643\u0627\u0646\u062a \u062a\u0628\u064a\u0639 \u062c\u0627\u0646 \u0647\u0630\u0647 \u0627\u0644\u0634\u0645\u0628\u0627\u0646\u064a\u0627 \u0627\u0644\u0642\u062f\u064a\u0645\u0629 \u062c\u062f\u0627\u064b. \u0648\u0643\u0627\u0646 \u0632\u0648\u062c\u0647\u0627\u060c \u0627\u0644\u0630\u064a \u0643\u0627\u0646 \u0644\u0627 \u064a\u0632\u0627\u0644 \u064a\u0639\u0645\u0644 \u0641\u064a \u0647\u0630\u0627 \u0627\u0644\u0645\u062c\u0627\u0644 \u0645\u0646\u0630 \u062d\u0648\u0627\u0644\u064a \u062b\u0644\u0627\u062b\u064a\u0646 \u0639\u0627\u0645\u0627\u064b\u060c \u0645\u0639\u0631\u0648\u0641\u0627\u064b \u0628\u0639\u0646\u0627\u062f\u0647. \u0648\u0628\u0647\u0630\u0647 \u0627\u0644\u0637\u0631\u064a\u0642\u0629\u060c \u0643\u0627\u0646 \u0642\u062f \u062d\u0635\u0644 \u0639\u0644\u0649 \u0645\u062e\u0632\u0648\u0646 \u0645\u0646 \u0627\u0644\u0643\u0648\u0646\u064a\u0627\u0643 \u0627\u0644\u062a\u064a \u0643\u0627\u0646 \u064a\u0634\u062a\u0631\u064a\u0647\u0627 \u0645\u0646 \u0642\u0631\u064a\u062a\u0647 \u0648\u0627\u0644\u0645\u0646\u0637\u0642\u0629 \u0627\u0644\u0645\u062d\u064a\u0637\u0629 \u0628\u0647\u0627 \u062b\u0645 \u064a\u0628\u064a\u0639\u0647\u0627 \u0644\u0644\u062a\u062c\u0627\u0631.<\/p>\n<p>\u0643\u0627\u0646 \u0634\u063a\u0641\u0647 \u0628\u0646\u0628\u064a\u0630 \u0627\u0644\u0643\u0648\u0646\u064a\u0627\u0643 \u0627\u0644\u0642\u062f\u064a\u0645 \u0627\u0644\u0630\u064a \u0643\u0627\u0646 \u064a\u062c\u0645\u0639\u0647 \u0628\u0631\u0645\u064a\u0644\u0627\u064b \u062a\u0644\u0648 \u0627\u0644\u0622\u062e\u0631 \u0643\u0627\u0644\u0643\u0646\u0648\u0632. \u062d\u062a\u0649 \u0623\u0646\u0647 \u0644\u0645 \u064a\u0643\u0646 \u064a\u0633\u0645\u062d \u0644\u0632\u0648\u062c\u062a\u0647\u060c \u0648\u0647\u064a \u0645\u0639\u0644\u0645\u0629 \u0645\u062f\u0631\u0633\u0629\u060c \u0648\u0644\u0627 \u0644\u0623\u0628\u0646\u0627\u0626\u0647 \u0627\u0644\u0635\u063a\u0627\u0631 \u0648\u0627\u0644\u0643\u0628\u0627\u0631\u060c \u0628\u0627\u0644\u062f\u062e\u0648\u0644 \u0625\u0644\u0649 \u0647\u0630\u0627 \u0627\u0644\u0645\u0644\u0627\u0630 \u0627\u0644\u0630\u064a \u0643\u0627\u0646 \u064a\u062d\u0631\u0633 \u0645\u0641\u062a\u0627\u062d\u0647 \u0628\u063a\u064a\u0631\u0629. \u0644\u0645 \u064a\u0643\u062a\u0634\u0641 \u0627\u0644\u0645\u0642\u0631\u0628\u0648\u0646 \u0645\u0646\u0647 \u0645\u0627 \u062c\u0645\u0639\u0647 \u0639\u0644\u0649 \u0645\u062f\u0649 \u0633\u0646\u0648\u0627\u062a \u0639\u062f\u064a\u062f\u0629 \u0625\u0644\u0627 \u0641\u064a \u0627\u0644\u0645\u0631\u062d\u0644\u0629 \u0627\u0644\u0623\u062e\u064a\u0631\u0629 \u0645\u0646 \u062d\u064a\u0627\u062a\u0647\u060c \u0627\u0644\u062a\u064a \u062f\u0645\u0631\u0647\u0627 \u0627\u0644\u0645\u0631\u0636\u060c \u0639\u0646\u062f\u0645\u0627 \u0627\u0636\u0637\u0631 \u0627\u0628\u0646\u0647 \u0625\u0644\u0649 \u062a\u0648\u0644\u064a \u0645\u0633\u0624\u0648\u0644\u064a\u0629 \u0627\u0644\u0648\u0636\u0639\u060c \u0627\u0643\u062a\u0634\u0641 \u0627\u0644\u0645\u0642\u0631\u0628\u0648\u0646 \u0645\u0646\u0647 \u0645\u0627 \u062c\u0645\u0639\u0647 \u0639\u0644\u0649 \u0645\u062f\u0649 \u0633\u0646\u0648\u0627\u062a \u0639\u062f\u064a\u062f\u0629.<\/p>\n<p>Dans un chai qui \u00e9tait autrefois une grange ou il avait fait mettre d\u2018\u00e9paisses portes m\u00e9talliques se trouvaient environ une quinzaine de tonneaux et quelques f\u00fbts. Dans ces tonneaux recouverts chacun d\u2018une b\u00e2che plastique noir pour limiter la co\u00fbteuse \u00ab part des anges \u00bb se trouvaient des lots de tr\u00e8s vieux Cognacs de Grande Champagne. Chaque tonneau portait des inscriptions avec l\u2018origine du produit, la quantit\u00e9 achet\u00e9e, le degr\u00e9, le volume et l\u2018ann\u00e9e de la r\u00e9colte. Mais d\u2018archives, aucune\u00a0! C\u2018est \u00e0 partir de ce moment que son \u00e9pouse a pu profiter du commerce des eaux-de-vie.<\/p>\n<\/div>","protected":false},"excerpt":{"rendered":"<p>\u0632\u062c\u0627\u062c\u0629 \u0633\u0639\u0629 70 \u0633\u0646\u062a\u064a\u0644\u062a\u0631<\/p>","protected":false},"featured_media":60941,"template":"","meta":{"_acf_changed":false},"product_brand":[],"product_cat":[21852,40043,40071],"product_tag":[],"class_list":{"0":"post-60942","1":"product","2":"type-product","3":"status-publish","4":"has-post-thumbnail","6":"product_cat-alcools","7":"product_cat-cognac","8":"product_cat-grosperrin","9":"product_shipping_class-alcool","11":"first","12":"instock","13":"taxable","14":"shipping-taxable","15":"purchasable","16":"product-type-simple"},"acf":[],"_links":{"self":[{"href":"https:\/\/cigarquality.com\/ar\/wp-json\/wp\/v2\/product\/60942","targetHints":{"allow":["GET"]}}],"collection":[{"href":"https:\/\/cigarquality.com\/ar\/wp-json\/wp\/v2\/product"}],"about":[{"href":"https:\/\/cigarquality.com\/ar\/wp-json\/wp\/v2\/types\/product"}],"wp:featuredmedia":[{"embeddable":true,"href":"https:\/\/cigarquality.com\/ar\/wp-json\/wp\/v2\/media\/60941"}],"wp:attachment":[{"href":"https:\/\/cigarquality.com\/ar\/wp-json\/wp\/v2\/media?parent=60942"}],"wp:term":[{"taxonomy":"product_brand","embeddable":true,"href":"https:\/\/cigarquality.com\/ar\/wp-json\/wp\/v2\/product_brand?post=60942"},{"taxonomy":"product_cat","embeddable":true,"href":"https:\/\/cigarquality.com\/ar\/wp-json\/wp\/v2\/product_cat?post=60942"},{"taxonomy":"product_tag","embeddable":true,"href":"https:\/\/cigarquality.com\/ar\/wp-json\/wp\/v2\/product_tag?post=60942"}],"curies":[{"name":"\u062f\u0628\u0644\u064a\u0648 \u0628\u064a","href":"https:\/\/api.w.org\/{rel}","templated":true}]}}