{"id":60834,"date":"2022-05-02T15:43:57","date_gmt":"2022-05-02T13:43:57","guid":{"rendered":"https:\/\/cigarquality.com\/?post_type=product&#038;p=60834"},"modified":"2026-02-23T14:08:08","modified_gmt":"2026-02-23T13:08:08","slug":"che-etoile-75-cigares","status":"publish","type":"product","link":"https:\/\/cigarquality.com\/ar\/boutique\/humidors\/elie-bleu\/che\/che-etoile-75-cigares\/","title":{"rendered":"\u0647\u0648\u0645\u064a\u062f\u0648\u0631 \u0625\u064a\u0644\u064a \u0628\u0644\u0648 \u0634\u064a\u0647 \u0625\u064a\u062a\u0648\u0627\u0644 - 75 \u0633\u064a\u062c\u0627\u0631"},"content":{"rendered":"<p>CH\u00c9 \u00c9 \u00c9 \u00c9toile - 75 \u0633\u064a\u062c\u0627\u0631. <span style=\"font-size: 14.4px\">\u0645\u0631\u0637\u0628 \"\u062a\u0634\u064a\" \u0627\u0644\u0646\u062c\u0645\u064a \u0645\u0646 \u0625\u064a\u0644\u064a \u0628\u0644\u0648\u060c \u0627\u0644\u0630\u064a \u064a\u062d\u062a\u0641\u064a \u0628\u062b\u0642\u0627\u0641\u0629 \u0627\u0644\u0633\u064a\u062c\u0627\u0631 \u0627\u0644\u0643\u0648\u0628\u064a \u0648\u062a\u0627\u0631\u064a\u062e \u0647\u0627\u0641\u0627\u0646\u0627 \u0645\u0639 \u0645\u062c\u0645\u0648\u0639\u0629 \u062a\u0634\u064a \u0647\u0630\u0647.<\/span><\/p>\n<p><strong>\u0637\u0628\u0639\u0629 \u0645\u0631\u0642\u0645\u0629.<\/strong><\/p>\n<ul>\n<li>\u062e\u0634\u0628 \u0627\u0644\u062c\u0645\u064a\u0632 \u0627\u0644\u0645\u0644\u0648\u0646 \u0627\u0644\u0645\u0644\u062a\u0647\u0628<\/li>\n<li>\u0635\u0648\u0631\u0629 \u0634\u062e\u0635\u064a\u0629 \u0641\u064a \u0627\u0644\u062a\u0637\u0639\u064a\u0645<\/li>\n<li>75 \u0633\u064a\u062c\u0627\u0631<\/li>\n<li>1 \u062c\u0647\u0627\u0632 \u062a\u0631\u0637\u064a\u0628 \u0627\u0644\u0647\u0648\u0627\u0621<\/li>\n<li>1 \u0645\u0642\u064a\u0627\u0633 \u0631\u0637\u0648\u0628\u0629 \u0645\u0639 \u0625\u0628\u0631\u0629<\/li>\n<li>\u0627\u0644\u0639\u0631\u0636: 25.20 \u0633\u0645 | 9.92 \u0628\u0648\u0635\u0629<\/li>\n<li>\u0627\u0644\u0639\u0645\u0642: 25.20 \u0633\u0645 | 9.92 \u0628\u0648\u0635\u0629<\/li>\n<li>\u0627\u0644\u0627\u0631\u062a\u0641\u0627\u0639: 13.40 \u0633\u0645 | 5.28 \u0628\u0648\u0635\u0629<\/li>\n<\/ul>","protected":false},"excerpt":{"rendered":"<p>\u0645\u0631\u0637\u0628 \u064a\u062a\u0633\u0639 \u062d\u062a\u0649 75 \u0633\u064a\u062c\u0627\u0631\u0627\u064b.<\/p>","protected":false},"featured_media":296203,"template":"","meta":{"_acf_changed":false},"product_brand":[],"product_cat":[21804,21527,27996,21524],"product_tag":[],"class_list":{"0":"post-60834","1":"product","2":"type-product","3":"status-publish","4":"has-post-thumbnail","6":"product_cat-75-cigares","7":"product_cat-elie-bleu","8":"product_cat-che","9":"product_cat-humidors","10":"product_shipping_class-humidor-sans-cigares","12":"first","13":"instock","14":"taxable","15":"shipping-taxable","16":"purchasable","17":"product-type-simple"},"acf":[],"_links":{"self":[{"href":"https:\/\/cigarquality.com\/ar\/wp-json\/wp\/v2\/product\/60834","targetHints":{"allow":["GET"]}}],"collection":[{"href":"https:\/\/cigarquality.com\/ar\/wp-json\/wp\/v2\/product"}],"about":[{"href":"https:\/\/cigarquality.com\/ar\/wp-json\/wp\/v2\/types\/product"}],"wp:featuredmedia":[{"embeddable":true,"href":"https:\/\/cigarquality.com\/ar\/wp-json\/wp\/v2\/media\/296203"}],"wp:attachment":[{"href":"https:\/\/cigarquality.com\/ar\/wp-json\/wp\/v2\/media?parent=60834"}],"wp:term":[{"taxonomy":"product_brand","embeddable":true,"href":"https:\/\/cigarquality.com\/ar\/wp-json\/wp\/v2\/product_brand?post=60834"},{"taxonomy":"product_cat","embeddable":true,"href":"https:\/\/cigarquality.com\/ar\/wp-json\/wp\/v2\/product_cat?post=60834"},{"taxonomy":"product_tag","embeddable":true,"href":"https:\/\/cigarquality.com\/ar\/wp-json\/wp\/v2\/product_tag?post=60834"}],"curies":[{"name":"\u062f\u0628\u0644\u064a\u0648 \u0628\u064a","href":"https:\/\/api.w.org\/{rel}","templated":true}]}}