{"id":58828,"date":"2022-03-30T10:57:48","date_gmt":"2022-03-30T08:57:48","guid":{"rendered":"https:\/\/cigarquality.com\/?post_type=product&#038;p=58828"},"modified":"2026-03-30T11:46:30","modified_gmt":"2026-03-30T09:46:30","slug":"cohiba-esplendidos-5x3","status":"publish","type":"product","link":"https:\/\/cigarquality.com\/ar\/boutique\/cigares-cubains\/cohiba\/cohiba-linea-clasica\/cohiba-esplendidos-5x3\/","title":{"rendered":"\u0643\u0648\u0647\u064a\u0628\u0627 \u0625\u0633\u0628\u0644\u064a\u0646\u062f\u064a\u062f\u0648\u0633 (5\u00d73)"},"content":{"rendered":"<p>\u0644\u0648 <strong>\u0643\u0648\u0647\u064a\u0628\u0627 \u0625\u0633\u0628\u0644\u064a\u0646\u062f\u064a\u062f\u0648\u0633 <\/strong>\u0647\u064a \u0648\u0627\u062d\u062f\u0629 \u0645\u0646 \u0623\u0643\u062b\u0631 \u0627\u0644\u0648\u062d\u062f\u0627\u062a \u0627\u0644\u0645\u0631\u063a\u0648\u0628\u0629 \u0648\u0627\u0644\u0645\u0631\u0645\u0648\u0642\u0629 \u0645\u0646 \u0647\u0630\u0647 \u0627\u0644\u0639\u0644\u0627\u0645\u0629 \u0627\u0644\u062a\u062c\u0627\u0631\u064a\u0629\u060c \u0648\u0627\u0644\u062a\u064a \u0644\u0627 \u062a\u0632\u0627\u0644 \u0627\u0644\u064a\u0648\u0645 \u0628\u0627\u0644\u062a\u0623\u0643\u064a\u062f \u0627\u0644\u0623\u0643\u062b\u0631 \u062a\u0645\u064a\u0632\u0627\u064b \u0645\u0646 \u0628\u064a\u0646 \u0623\u0646\u0648\u0627\u0639 \u0627\u0644\u0633\u064a\u062c\u0627\u0631 \u0627\u0644\u0643\u0648\u0628\u064a \u0648\u063a\u064a\u0631 \u0627\u0644\u0643\u0648\u0628\u064a.<\/p>\n<p>D&rsquo;une taille qui impose d&#8217;embl\u00e9e le respect, ce Julieta n\u00b02, d&rsquo;une longueur de 178 mm et de 18,65 mm de diam\u00e8tre, demandera un peu plus d&rsquo;une heure pour r\u00e9v\u00e9ler toute sa palette aromatique, riche, dense et complexe. Jouant entre les notes bois\u00e9es et \u00e9pic\u00e9es, la d\u00e9gustation \u00e9volue sur le cacao sans jamais perdre son caract\u00e8re souple et onctueux. Sans nul doute, un tr\u00e8s grand Havane comme on aimerait en fumer plus souvent si la production n&rsquo;\u00e9tait malheureusement pas si limit\u00e9e.<\/p>\n<p>\u0648\u064f\u0644\u062f\u062a \u0639\u0644\u0627\u0645\u0629 \u0643\u0648\u0647\u064a\u0628\u0627 \u0627\u0644\u062a\u062c\u0627\u0631\u064a\u0629 \u0641\u064a \u0641\u064a\u0644\u0627 \u062f\u0628\u0644\u0648\u0645\u0627\u0633\u064a\u0629 \u0633\u0627\u0628\u0642\u0629\u060c El Laguito\u060c \u0628\u0646\u0627\u0621\u064b \u0639\u0644\u0649 \u0637\u0644\u0628 \u0641\u064a\u062f\u064a\u0644 \u0643\u0627\u0633\u062a\u0631\u0648 \u0639\u0646\u062f\u0645\u0627 \u0644\u0627\u062d\u0638 \u0623\u0646 \u0623\u062d\u062f \u062d\u0631\u0627\u0633\u0647 \u0627\u0644\u0634\u062e\u0635\u064a\u064a\u0646 \u064a\u062f\u062e\u0646 \u0633\u064a\u062c\u0627\u0631\u0627\u064b \u0639\u0637\u0631\u064a\u0627\u064b \u0648\u0645\u0639\u0628\u0631\u0627\u064b \u0628\u0634\u0643\u0644 \u062e\u0627\u0635. \u0648\u0628\u0639\u062f \u0623\u0646 \u0627\u0643\u062a\u0634\u0641 \u0645\u0646 \u064a\u0635\u0646\u0639 \u0647\u0630\u0647 \u0627\u0644\u0623\u0646\u0648\u0627\u0639\u060c \u0642\u0627\u0645 \u0628\u062a\u0648\u0638\u064a\u0641 5 \u0623\u0634\u062e\u0627\u0635 \u0644\u0625\u0646\u062a\u0627\u062c \u0645\u0627 \u0633\u064a\u0635\u0628\u062d \u0627\u0644\u0633\u064a\u062c\u0627\u0631 \u0627\u0644\u0643\u0648\u0628\u064a\u060c \u0627\u0644\u0645\u062e\u0635\u0635 \u0644\u0643\u0628\u0627\u0631 \u0627\u0644\u0634\u062e\u0635\u064a\u0627\u062a \u0627\u0644\u062d\u0643\u0648\u0645\u064a\u0629 \u0648\u0627\u0644\u0623\u062c\u0627\u0646\u0628.<\/p>\n<p>\u062d\u062a\u0649 \u0639\u0627\u0645 1982\u060c \u0644\u0645 \u064a\u0643\u0646 \u0633\u064a\u062c\u0627\u0631 \u0643\u0648\u0647\u064a\u0628\u0627 \u0645\u062a\u0627\u062d\u0627\u064b \u0625\u0644\u0627 \u0641\u064a \u0643\u0648\u0628\u0627 \u0648\u0643\u0627\u0646 \u064a\u062a\u0645 \u062a\u0648\u0632\u064a\u0639\u0647 \u0641\u064a \u0627\u0644\u0645\u0646\u0627\u0633\u0628\u0627\u062a \u0627\u0644\u0631\u0633\u0645\u064a\u0629 \u0641\u0642\u0637\u060c \u062b\u0645 \u0642\u0631\u0631 \u0641\u064a\u062f\u0644 \u0643\u0627\u0633\u062a\u0631\u0648 \u062c\u0639\u0644 \u0643\u0648\u0647\u064a\u0628\u0627 \u0639\u0644\u0627\u0645\u0629 \u062a\u062c\u0627\u0631\u064a\u0629 \u0641\u0627\u062e\u0631\u0629 \u0644\u0644\u0633\u064a\u062c\u0627\u0631 \u062a\u0648\u0632\u0639 \u0639\u0644\u0649 \u0639\u0627\u0645\u0629 \u0627\u0644\u0646\u0627\u0633. \u0634\u0643\u0651\u0644\u062a \u0627\u0644\u0648\u062d\u062f\u0627\u062a \u0627\u0644\u0623\u0648\u0644\u0649 \u0645\u062c\u0645\u0648\u0639\u0629 \u0643\u0644\u0627\u0633\u064a\u0643\u0627\u060c \u062a\u0644\u062a\u0647\u0627 \u0645\u062c\u0645\u0648\u0639\u0629 \u0644\u064a\u0646\u064a\u0627 1492\u060c \u0641\u064a \u0625\u0634\u0627\u0631\u0629 \u0625\u0644\u0649 \u0643\u0631\u064a\u0633\u062a\u0648\u0641\u0631 \u0643\u0648\u0644\u0648\u0645\u0628\u0648\u0633 \u0648\u062a\u0636\u0645 \"\u0633\u064a\u062c\u0644\u0648\"\u060c \u0648\u0627\u0644\u062a\u064a \u062a\u0645 \u062a\u0633\u0648\u064a\u0642\u0647\u0627 \u0645\u0646 \u0642\u0628\u0644 \u0634\u0631\u0643\u0629 \u0647\u0627\u0628\u0627\u0646\u0648\u0633 \u0625\u0633 \u0625\u064a\u0647 \u0645\u0646\u0630 \u0639\u0627\u0645 1992.<\/p>\n<p>\u0625\u062f\u064a\u0633\u064a\u0648\u0646 \u0644\u064a\u0645\u064a\u062a\u0627\u062f\u0627\" \u062a\u0643\u0645\u0644 \u0627\u0644\u0645\u062c\u0645\u0648\u0639\u0629\u060c \u0643\u0645\u0627 \u064a\u0648\u062d\u064a \u0627\u0644\u0627\u0633\u0645\u060c \u0628\u0625\u0635\u062f\u0627\u0631\u0627\u062a \u0645\u062d\u062f\u0648\u062f\u0629 \u064a\u0646\u062a\u0638\u0631\u0647\u0627 \u0627\u0644\u0647\u0648\u0627\u0629 \u0628\u0641\u0627\u0631\u063a \u0627\u0644\u0635\u0628\u0631.<\/p>\n<p>&nbsp;<\/p>","protected":false},"excerpt":{"rendered":"<p>5 \u0639\u0644\u0628 \u0645\u0646 3 \u0633\u064a\u062c\u0627\u0631.<\/p>","protected":false},"featured_media":58827,"template":"","meta":{"_acf_changed":false},"product_brand":[],"product_cat":[19809,19845,19885,45378],"product_tag":[],"class_list":{"0":"post-58828","1":"product","2":"type-product","3":"status-publish","4":"has-post-thumbnail","6":"product_cat-cigares","7":"product_cat-cigares-cubains","8":"product_cat-cohiba","9":"product_cat-cohiba-linea-clasica","10":"product_shipping_class-cigares","12":"first","13":"outofstock","14":"sold-individually","15":"taxable","16":"shipping-taxable","17":"purchasable","18":"product-type-simple"},"acf":[],"_links":{"self":[{"href":"https:\/\/cigarquality.com\/ar\/wp-json\/wp\/v2\/product\/58828","targetHints":{"allow":["GET"]}}],"collection":[{"href":"https:\/\/cigarquality.com\/ar\/wp-json\/wp\/v2\/product"}],"about":[{"href":"https:\/\/cigarquality.com\/ar\/wp-json\/wp\/v2\/types\/product"}],"wp:featuredmedia":[{"embeddable":true,"href":"https:\/\/cigarquality.com\/ar\/wp-json\/wp\/v2\/media\/58827"}],"wp:attachment":[{"href":"https:\/\/cigarquality.com\/ar\/wp-json\/wp\/v2\/media?parent=58828"}],"wp:term":[{"taxonomy":"product_brand","embeddable":true,"href":"https:\/\/cigarquality.com\/ar\/wp-json\/wp\/v2\/product_brand?post=58828"},{"taxonomy":"product_cat","embeddable":true,"href":"https:\/\/cigarquality.com\/ar\/wp-json\/wp\/v2\/product_cat?post=58828"},{"taxonomy":"product_tag","embeddable":true,"href":"https:\/\/cigarquality.com\/ar\/wp-json\/wp\/v2\/product_tag?post=58828"}],"curies":[{"name":"\u062f\u0628\u0644\u064a\u0648 \u0628\u064a","href":"https:\/\/api.w.org\/{rel}","templated":true}]}}