{"id":56926,"date":"2021-12-21T15:22:00","date_gmt":"2021-12-21T14:22:00","guid":{"rendered":"https:\/\/cigarquality.com\/?post_type=product&#038;p=56926"},"modified":"2025-07-25T13:36:50","modified_gmt":"2025-07-25T11:36:50","slug":"ei-viejo-continente-edicion-aniversario-5-anos-salomon-10","status":"publish","type":"product","link":"https:\/\/cigarquality.com\/ar\/boutique\/cigares-nicaraguayens\/el-viejo-continente\/ei-viejo-continente-edicion-aniversario-5-anos-salomon-10\/","title":{"rendered":"EI Viejo Continente Edici\u00f3n Aniversario 5 A\u00f1os Salom\u00f3n (10)"},"content":{"rendered":"<p>\u0627\u0644\u0633\u064a\u062c\u0627\u0631&nbsp;<strong>EI Viejo Continente Edici\u00f3n Aniversario 5 A\u00f1os Salom\u00f3n<\/strong>\u0627\u062d\u062a\u0641\u0627\u0644\u0627\u064b \u0628\u0627\u0644\u0630\u0643\u0631\u0649 \u0627\u0644\u0633\u0646\u0648\u064a\u0629 \u0627\u0644\u062e\u0627\u0645\u0633\u0629 \u0644\u0644\u0639\u0644\u0627\u0645\u0629 \u0627\u0644\u062a\u062c\u0627\u0631\u064a\u0629. \u0633\u064a\u062c\u0627\u0631 \u0639\u0627\u0644\u064a \u0627\u0644\u062c\u0648\u062f\u0629 \u0641\u064a \u0625\u0635\u062f\u0627\u0631 \u0645\u062d\u062f\u0648\u062f \u0644\u0644\u063a\u0627\u064a\u0629\u060c \u0644\u0627 \u064a\u0646\u0628\u063a\u064a \u062a\u0641\u0648\u064a\u062a\u0647.<\/p>\n<p>\u064a\u062a\u0645\u064a\u0632 \u0647\u0630\u0627 \u0627\u0644\u0643\u0645\u0627\u0644\u0648 \u0628\u063a\u0644\u0627\u0641 \u0634\u0648\u0643\u0648\u0644\u0627\u062a\u0629 \u0625\u0643\u0648\u0627\u062f\u0648\u0631\u064a \u0647\u0627\u0628\u0627\u0646\u0648 \u0645\u0627\u062f\u0648\u0631\u0648 \u0625\u0643\u0648\u0627\u062f\u0648\u0631\u064a \u0627\u0644\u0635\u0646\u0639\u060c \u0645\u0648\u0636\u0648\u0639 \u0628\u0628\u0631\u0627\u0639\u0629 \u0639\u0644\u0649 \u063a\u0644\u0627\u0641 \u0641\u0631\u0639\u064a \u0645\u0646 \u062c\u0627\u0644\u0627\u0628\u0627\u060c \u0646\u064a\u0643\u0627\u0631\u0627\u063a\u0648\u0627. \u0635\u064f\u0646\u0639 \u0627\u0644\u063a\u0644\u0627\u0641 \u0645\u0646 \u0645\u0632\u064a\u062c \u0645\u0646 \u0623\u0648\u0631\u0627\u0642 \u0645\u0646 \u0625\u0633\u062a\u064a\u0644\u064a \u0648\u062e\u0627\u0644\u0627\u0628\u0627 \u0648\u0623\u0648\u0645\u064a\u062a\u064a\u0628\u064a\u060c \u0648\u0647\u064a \u062b\u0644\u0627\u062b \u0645\u0646\u0627\u0637\u0642 \u0645\u0646 \u0627\u0644\u0645\u0646\u0627\u0637\u0642 \u0627\u0644\u0631\u0626\u064a\u0633\u064a\u0629 \u0627\u0644\u0645\u0646\u062a\u062c\u0629 \u0644\u0644\u062a\u0628\u063a \u0641\u064a \u0646\u064a\u0643\u0627\u0631\u0627\u063a\u0648\u0627.<\/p>\n<p>\u0628\u0645\u062c\u0631\u062f \u0625\u0634\u0639\u0627\u0644\u0647\u060c \u064a\u0643\u0648\u0646 \u0647\u0630\u0627 \u0627\u0644\u0633\u064a\u062c\u0627\u0631 \u0645\u062a\u0648\u0633\u0637 \u0627\u0644\u0642\u0648\u0627\u0645 \u0641\u064a \u0627\u0644\u0628\u062f\u0627\u064a\u0629\u060c \u062b\u0645 \u064a\u0635\u0628\u062d \u0642\u0648\u064a\u0627\u064b \u062c\u062f\u0627\u064b \u0645\u0646 \u062d\u064a\u062b \u0627\u0644\u0643\u062b\u0627\u0641\u0629 \u0648\u0627\u0644\u0646\u0643\u0647\u0629 \u0644\u064a\u0642\u062f\u0645 \u062a\u062c\u0631\u0628\u0629 \u0644\u0627 \u062a\u0646\u0633\u0649.<\/p>","protected":false},"excerpt":{"rendered":"<p>\u0639\u0644\u0628\u0629 \u0645\u0646 10 \u0633\u064a\u062c\u0627\u0631.<\/p>","protected":false},"featured_media":56927,"template":"","meta":{"_acf_changed":false},"product_brand":[],"product_cat":[19809,24833,34934],"product_tag":[2095],"class_list":{"0":"post-56926","1":"product","2":"type-product","3":"status-publish","4":"has-post-thumbnail","6":"product_cat-cigares","7":"product_cat-cigares-nicaraguayens","8":"product_cat-el-viejo-continente","9":"product_tag-epices","10":"product_shipping_class-cigares","12":"first","13":"instock","14":"taxable","15":"shipping-taxable","16":"purchasable","17":"product-type-simple"},"acf":[],"_links":{"self":[{"href":"https:\/\/cigarquality.com\/ar\/wp-json\/wp\/v2\/product\/56926","targetHints":{"allow":["GET"]}}],"collection":[{"href":"https:\/\/cigarquality.com\/ar\/wp-json\/wp\/v2\/product"}],"about":[{"href":"https:\/\/cigarquality.com\/ar\/wp-json\/wp\/v2\/types\/product"}],"wp:featuredmedia":[{"embeddable":true,"href":"https:\/\/cigarquality.com\/ar\/wp-json\/wp\/v2\/media\/56927"}],"wp:attachment":[{"href":"https:\/\/cigarquality.com\/ar\/wp-json\/wp\/v2\/media?parent=56926"}],"wp:term":[{"taxonomy":"product_brand","embeddable":true,"href":"https:\/\/cigarquality.com\/ar\/wp-json\/wp\/v2\/product_brand?post=56926"},{"taxonomy":"product_cat","embeddable":true,"href":"https:\/\/cigarquality.com\/ar\/wp-json\/wp\/v2\/product_cat?post=56926"},{"taxonomy":"product_tag","embeddable":true,"href":"https:\/\/cigarquality.com\/ar\/wp-json\/wp\/v2\/product_tag?post=56926"}],"curies":[{"name":"\u062f\u0628\u0644\u064a\u0648 \u0628\u064a","href":"https:\/\/api.w.org\/{rel}","templated":true}]}}