{"id":54790,"date":"2021-08-25T09:23:18","date_gmt":"2021-08-25T07:23:18","guid":{"rendered":"https:\/\/cigarquality.com\/?post_type=product&#038;p=54790"},"modified":"2026-02-12T13:51:03","modified_gmt":"2026-02-12T12:51:03","slug":"don-pepin-garcia-my-father-la-gran-oferta-toro-gordo-20","status":"publish","type":"product","link":"https:\/\/cigarquality.com\/ar\/boutique\/cigares-nicaraguayens\/my-fathers-cigars\/my-father-la-gran-oferta\/don-pepin-garcia-my-father-la-gran-oferta-toro-gordo-20\/","title":{"rendered":"\u0623\u0628\u064a \u0644\u0627 \u063a\u0631\u0627\u0646 \u0623\u0648\u0641\u064a\u0631\u062a\u0627 \u062a\u0648\u0631\u0648 \u063a\u0648\u0631\u062f\u0648 (20)"},"content":{"rendered":"<p><strong>\u062f\u0648\u0646 \u0628\u064a\u0628\u064a\u0646 \u062c\u0627\u0631\u0633\u064a\u0627 \u0623\u0628\u064a \u0644\u0627 \u062c\u0631\u0627\u0646 \u0623\u0648\u0641\u064a\u0631\u062a\u0627 \u062a\u0648\u0631\u0648 \u062c\u0648\u0631\u062f\u0648<\/strong> signifie \u00ab\u00a0la grande offre\u00a0\u00bb, c&rsquo;est un nouveau blend de premier ordre de la l\u00e9gendaire \u00e9quipe p\u00e8re et fils de Don Pepin et Jaime Garcia. Les cigares pr\u00e9sentent une superbe cape Habano \u00e9quatorienne avec des sous capes et tripes nicaraguayennes, cultiv\u00e9es dans la ferme familiale. Le r\u00e9sultat est une fum\u00e9e riche et exceptionnellement bien \u00e9quilibr\u00e9e avec des saveurs irr\u00e9sistibles de chocolat noir, de terre et de ch\u00eane cr\u00e9meux, soutenues par la signature \u00e9pic\u00e9e de My Father \u2122. Sublimant l&rsquo;exp\u00e9rience globale de fumage, la construction est de premier ordre, une combustion impeccable et des ar\u00f4mes de tabacs suaves.<\/p>","protected":false},"excerpt":{"rendered":"<p>\u0639\u0644\u0628\u0629 \u0645\u0646 20 \u0633\u064a\u062c\u0627\u0631.<\/p>","protected":false},"featured_media":54841,"template":"","meta":{"_acf_changed":false},"product_brand":[],"product_cat":[19809,24833,35492,35494],"product_tag":[34810],"class_list":{"0":"post-54790","1":"product","2":"type-product","3":"status-publish","4":"has-post-thumbnail","6":"product_cat-cigares","7":"product_cat-cigares-nicaraguayens","8":"product_cat-my-fathers-cigars","9":"product_cat-my-father-la-gran-oferta","10":"product_tag-chene-cremeux","11":"product_shipping_class-class1","13":"first","14":"instock","15":"taxable","16":"shipping-taxable","17":"purchasable","18":"product-type-simple"},"acf":[],"_links":{"self":[{"href":"https:\/\/cigarquality.com\/ar\/wp-json\/wp\/v2\/product\/54790","targetHints":{"allow":["GET"]}}],"collection":[{"href":"https:\/\/cigarquality.com\/ar\/wp-json\/wp\/v2\/product"}],"about":[{"href":"https:\/\/cigarquality.com\/ar\/wp-json\/wp\/v2\/types\/product"}],"wp:featuredmedia":[{"embeddable":true,"href":"https:\/\/cigarquality.com\/ar\/wp-json\/wp\/v2\/media\/54841"}],"wp:attachment":[{"href":"https:\/\/cigarquality.com\/ar\/wp-json\/wp\/v2\/media?parent=54790"}],"wp:term":[{"taxonomy":"product_brand","embeddable":true,"href":"https:\/\/cigarquality.com\/ar\/wp-json\/wp\/v2\/product_brand?post=54790"},{"taxonomy":"product_cat","embeddable":true,"href":"https:\/\/cigarquality.com\/ar\/wp-json\/wp\/v2\/product_cat?post=54790"},{"taxonomy":"product_tag","embeddable":true,"href":"https:\/\/cigarquality.com\/ar\/wp-json\/wp\/v2\/product_tag?post=54790"}],"curies":[{"name":"\u062f\u0628\u0644\u064a\u0648 \u0628\u064a","href":"https:\/\/api.w.org\/{rel}","templated":true}]}}