{"id":54783,"date":"2021-08-25T09:23:15","date_gmt":"2021-08-25T07:23:15","guid":{"rendered":"https:\/\/cigarquality.com\/?post_type=product&#038;p=54783"},"modified":"2025-09-09T10:57:03","modified_gmt":"2025-09-09T08:57:03","slug":"don-pepin-garcia-my-father-le-bijou-1922-petit-robusto-23","status":"publish","type":"product","link":"https:\/\/cigarquality.com\/ar\/boutique\/cigares-nicaraguayens\/don-pepin-garcia\/don-pepin-garcia-my-father\/don-pepin-garcia-my-father-le-bijou-1922-petit-robusto-23\/","title":{"rendered":"\u0623\u0628\u064a \u0644\u0648 \u0628\u064a\u062c\u0648 \u0644\u0648 \u0628\u064a\u062c\u0648 1922 \u0628\u064a\u062a\u064a \u0631\u0648\u0628\u0648\u0633\u062a\u0648 (23)"},"content":{"rendered":"<p>Les cigares my Father ont \u00e9t\u00e9 introduits en 2008 par Jaime Garcia, fils du c\u00e9l\u00e8bre Don Jose Pepin Garcia, produits dans l&rsquo;usine du p\u00e8re Jaime \u00e0 Esteli, au Nicaragua. Les Don Pepin Garcia My Father Le Bijou 1922 Petit Robusto sont cors\u00e9s et contiennent des long fillers nicaraguayens et une cape \u00e9quateur Habano Rosado \/ Criollo hybride. Un d\u00e9marrage de la vitole sur des notes de poivre qui r\u00e9v\u00e8le ensuite une bouquet complexe d&rsquo;\u00e9pices, bois, caf\u00e9, et une touche de douceur caram\u00e9lis\u00e9e.<\/p>","protected":false},"excerpt":{"rendered":"<p>\u0639\u0644\u0628\u0629 \u0645\u0646 23 \u0633\u064a\u062c\u0627\u0631\u0627\u064b.<\/p>","protected":false},"featured_media":54850,"template":"","meta":{"_acf_changed":false},"product_brand":[],"product_cat":[19809,24833,31799,34808],"product_tag":[],"class_list":{"0":"post-54783","1":"product","2":"type-product","3":"status-publish","4":"has-post-thumbnail","6":"product_cat-cigares","7":"product_cat-cigares-nicaraguayens","8":"product_cat-don-pepin-garcia","9":"product_cat-don-pepin-garcia-my-father","10":"product_shipping_class-class1","12":"first","13":"outofstock","14":"taxable","15":"shipping-taxable","16":"purchasable","17":"product-type-simple"},"acf":[],"_links":{"self":[{"href":"https:\/\/cigarquality.com\/ar\/wp-json\/wp\/v2\/product\/54783","targetHints":{"allow":["GET"]}}],"collection":[{"href":"https:\/\/cigarquality.com\/ar\/wp-json\/wp\/v2\/product"}],"about":[{"href":"https:\/\/cigarquality.com\/ar\/wp-json\/wp\/v2\/types\/product"}],"wp:featuredmedia":[{"embeddable":true,"href":"https:\/\/cigarquality.com\/ar\/wp-json\/wp\/v2\/media\/54850"}],"wp:attachment":[{"href":"https:\/\/cigarquality.com\/ar\/wp-json\/wp\/v2\/media?parent=54783"}],"wp:term":[{"taxonomy":"product_brand","embeddable":true,"href":"https:\/\/cigarquality.com\/ar\/wp-json\/wp\/v2\/product_brand?post=54783"},{"taxonomy":"product_cat","embeddable":true,"href":"https:\/\/cigarquality.com\/ar\/wp-json\/wp\/v2\/product_cat?post=54783"},{"taxonomy":"product_tag","embeddable":true,"href":"https:\/\/cigarquality.com\/ar\/wp-json\/wp\/v2\/product_tag?post=54783"}],"curies":[{"name":"\u062f\u0628\u0644\u064a\u0648 \u0628\u064a","href":"https:\/\/api.w.org\/{rel}","templated":true}]}}