{"id":48526,"date":"2018-03-29T10:29:59","date_gmt":"2018-03-29T09:29:59","guid":{"rendered":"https:\/\/mkulcarx.preview.infomaniak.website\/produit\/gilbert-revolution-style-gordito\/"},"modified":"2025-10-04T10:09:05","modified_gmt":"2025-10-04T08:09:05","slug":"gilbert-de-montsalvat-revolution-style-gordito","status":"publish","type":"product","link":"https:\/\/cigarquality.com\/ar\/boutique\/cigares-dominicains\/gilbert-de-montsalvat\/gilbert-de-montsalvat-revolution-style\/gilbert-de-montsalvat-revolution-style-gordito\/","title":{"rendered":"\u062c\u064a\u0644\u0628\u0631\u062a \u062f\u064a \u0645\u0648\u0646\u062a\u0633\u0627\u0644\u0641\u0627\u062a \u0631\u064a\u0641\u0648\u0644\u064a\u0648\u0634\u0646 \u0633\u062a\u0627\u064a\u0644 \u062c\u0648\u0631\u062f\u064a\u062a\u0648 (10)"},"content":{"rendered":"<p>Le Gilbert de Montsalvat Revolution Style Gordito, un peu plus court que le Gordo, s&rsquo;impose en main avec un diam\u00e8tre de 23.62 mm. La flamme doit caresser le pied de ce cigare avec douceur pour assurer un parfait embrasement. Le tirage tr\u00e8s important procure une fum\u00e9e ample. Cot\u00e9 puissance, on ressent un peu plus de courtoisie que lors de la d\u00e9gustation des plus petits modules de la gamme, le cot\u00e9 v\u00e9g\u00e9tal est \u00e9galement plus pr\u00e9sent. Un gros module pr\u00e9sentant un tr\u00e8s bon rapport qualit\u00e9 prix.<\/p>","protected":false},"excerpt":{"rendered":"<p>\u0639\u0644\u0628\u0629 \u0645\u0646 10 \u0633\u064a\u062c\u0627\u0631.<\/p>","protected":false},"featured_media":48532,"template":"","meta":{"_acf_changed":false},"product_brand":[],"product_cat":[19812,26396,26398],"product_tag":[],"class_list":{"0":"post-48526","1":"product","2":"type-product","3":"status-publish","4":"has-post-thumbnail","6":"product_cat-cigares-dominicains","7":"product_cat-gilbert-de-montsalvat","8":"product_cat-gilbert-de-montsalvat-revolution-style","9":"product_shipping_class-cigares","11":"first","12":"instock","13":"sale","14":"taxable","15":"shipping-taxable","16":"purchasable","17":"product-type-simple"},"acf":[],"_links":{"self":[{"href":"https:\/\/cigarquality.com\/ar\/wp-json\/wp\/v2\/product\/48526","targetHints":{"allow":["GET"]}}],"collection":[{"href":"https:\/\/cigarquality.com\/ar\/wp-json\/wp\/v2\/product"}],"about":[{"href":"https:\/\/cigarquality.com\/ar\/wp-json\/wp\/v2\/types\/product"}],"wp:featuredmedia":[{"embeddable":true,"href":"https:\/\/cigarquality.com\/ar\/wp-json\/wp\/v2\/media\/48532"}],"wp:attachment":[{"href":"https:\/\/cigarquality.com\/ar\/wp-json\/wp\/v2\/media?parent=48526"}],"wp:term":[{"taxonomy":"product_brand","embeddable":true,"href":"https:\/\/cigarquality.com\/ar\/wp-json\/wp\/v2\/product_brand?post=48526"},{"taxonomy":"product_cat","embeddable":true,"href":"https:\/\/cigarquality.com\/ar\/wp-json\/wp\/v2\/product_cat?post=48526"},{"taxonomy":"product_tag","embeddable":true,"href":"https:\/\/cigarquality.com\/ar\/wp-json\/wp\/v2\/product_tag?post=48526"}],"curies":[{"name":"\u062f\u0628\u0644\u064a\u0648 \u0628\u064a","href":"https:\/\/api.w.org\/{rel}","templated":true}]}}