{"id":48057,"date":"2018-03-29T10:30:45","date_gmt":"2018-03-29T09:30:45","guid":{"rendered":"https:\/\/mkulcarx.preview.infomaniak.website\/produit\/casa-magna-colorado-belicoso\/"},"modified":"2025-11-21T09:14:35","modified_gmt":"2025-11-21T08:14:35","slug":"cigares-casa-magna-colorado-belicoso-27","status":"publish","type":"product","link":"https:\/\/cigarquality.com\/ar\/boutique\/cigares-nicaraguayens\/casa-magna-colorado\/cigares-casa-magna-colorado-belicoso-27\/","title":{"rendered":"\u0643\u0627\u0633\u0627 \u0645\u0627\u062c\u0646\u0627 \u0643\u0648\u0644\u0648\u0631\u0627\u062f\u0648 \u0628\u064a\u0644\u064a\u0643\u0648\u0633\u0648 (27)"},"content":{"rendered":"<p>Combinant la puissance de Nestor Plasencia, le plus grand producteur de tabac \u00e0 cigares du Nicaragua, avec le l\u00e9gendaire ma\u00eetre du cigare Manuel Quesada, Le Casa Magna Colorado Belicoso est un cigare aux parfums riches, aux notes de caf\u00e9 et \u00e9quilibr\u00e9 par la douceur du c\u00e8dre et une l\u00e9g\u00e8re pointe de caramel. Cr\u00e9\u00e9 dans l&rsquo;usine de cigares Segovia de Plasencia, ce cigare est un puro nicaraguayen audacieux et vibrant, \u00e0 la couleur sombre et l\u00e9g\u00e8rement rouge\u00e2tre. Il est la base d&rsquo;un m\u00e9lange de longues capes Ligero et Viso cultiv\u00e9es dans diff\u00e9rentes r\u00e9gions du Nicaragua.<\/p>\n<p><strong>\u062d\u0635\u0644 \u0643\u0627\u0632\u0627 \u0645\u0627\u062c\u0646\u0627 \u0643\u0648\u0644\u0648\u0631\u0627\u062f\u0648 \u0639\u0644\u0649 \u062f\u0631\u062c\u0629 \u0627\u0633\u062a\u062b\u0646\u0627\u0626\u064a\u0629 93 \u0648\u062a\u0631\u062a\u064a\u0628 \u0623\u0648\u0644 \u0641\u064a \u0642\u0627\u0626\u0645\u0629 \u0633\u064a\u062c\u0627\u0631 \u0623\u0641\u064a\u0633\u064a\u0646\u0627\u062f\u0648 \u0644\u0639\u0627\u0645 2008.<\/strong>\u0643\u0645\u0627 \u0627\u062d\u062a\u0644 \u0627\u0644\u0645\u0631\u0643\u0632 \u0631\u0642\u0645 10 \u0641\u064a \u0639\u0627\u0645 2011 \u0648\u0633\u062c\u0644 92 \u0641\u064a \u064a\u0648\u0646\u064a\u0648 2017.<br \/>\n\u062a\u0645 \u0627\u0646\u062a\u062e\u0627\u0628 \u0643\u0627\u0632\u0627 \u0645\u0627\u062c\u0646\u0627 <strong>\u0623\u0641\u0636\u0644 \u0634\u0631\u0627\u0621 2015<\/strong> \u0644\u0646\u0633\u062e\u062a\u0647\u0645 \u0645\u0646 \u0628\u064a\u0643\u064a\u062a\u0648<\/p>","protected":false},"excerpt":{"rendered":"<p>\u0639\u0644\u0628\u0629 \u0645\u0646 27 \u0633\u064a\u062c\u0627\u0631.<\/p>","protected":false},"featured_media":48061,"template":"","meta":{"_acf_changed":false},"product_brand":[],"product_cat":[31869,19809,24833],"product_tag":[942,2061,941],"class_list":{"0":"post-48057","1":"product","2":"type-product","3":"status-publish","4":"has-post-thumbnail","6":"product_cat-casa-magna-colorado","7":"product_cat-cigares","8":"product_cat-cigares-nicaraguayens","9":"product_tag-cafe","10":"product_tag-caramel","11":"product_tag-cedre","12":"product_shipping_class-cigares","14":"first","15":"outofstock","16":"sale","17":"taxable","18":"shipping-taxable","19":"purchasable","20":"product-type-simple"},"acf":[],"_links":{"self":[{"href":"https:\/\/cigarquality.com\/ar\/wp-json\/wp\/v2\/product\/48057","targetHints":{"allow":["GET"]}}],"collection":[{"href":"https:\/\/cigarquality.com\/ar\/wp-json\/wp\/v2\/product"}],"about":[{"href":"https:\/\/cigarquality.com\/ar\/wp-json\/wp\/v2\/types\/product"}],"wp:featuredmedia":[{"embeddable":true,"href":"https:\/\/cigarquality.com\/ar\/wp-json\/wp\/v2\/media\/48061"}],"wp:attachment":[{"href":"https:\/\/cigarquality.com\/ar\/wp-json\/wp\/v2\/media?parent=48057"}],"wp:term":[{"taxonomy":"product_brand","embeddable":true,"href":"https:\/\/cigarquality.com\/ar\/wp-json\/wp\/v2\/product_brand?post=48057"},{"taxonomy":"product_cat","embeddable":true,"href":"https:\/\/cigarquality.com\/ar\/wp-json\/wp\/v2\/product_cat?post=48057"},{"taxonomy":"product_tag","embeddable":true,"href":"https:\/\/cigarquality.com\/ar\/wp-json\/wp\/v2\/product_tag?post=48057"}],"curies":[{"name":"\u062f\u0628\u0644\u064a\u0648 \u0628\u064a","href":"https:\/\/api.w.org\/{rel}","templated":true}]}}