{"id":48047,"date":"2018-03-29T11:30:45","date_gmt":"2018-03-29T09:30:45","guid":{"rendered":"https:\/\/mkulcarx.preview.infomaniak.website\/produit\/cain-daytona-543\/"},"modified":"2025-09-11T13:53:27","modified_gmt":"2025-09-11T11:53:27","slug":"cain-daytona-543","status":"publish","type":"product","link":"https:\/\/cigarquality.com\/ar\/boutique\/cigares-nicaraguayens\/cain\/cain-daytona-543\/","title":{"rendered":"\u0643\u0627\u064a\u0646 \u062f\u0627\u064a\u062a\u0648\u0646\u0627 543 \u062f\u0627\u064a\u062a\u0648\u0646\u0627 \u0631\u0642\u0645 4 (24)"},"content":{"rendered":"<p>Le Cain Daytona 543 No. 4 est la derni\u00e8re version de produit de la division Studio Tobac de Oliva Cigar Co. Cain Daytona est fabriqu\u00e9 avec une cape et une sous-cape huileuses nicaraguayennes Habano de la r\u00e9gion de la vall\u00e9e de Jalapa au Nicaragua. C&rsquo;est le premier Ca\u00efn qui est une fum\u00e9e corporelle moyenne. Les notes de d\u00e9gustation comprennent du pain grill\u00e9, des \u00e9pices, de la cr\u00e8me et des notes sucr\u00e9es. Si les autres gammes Cain vous semblent un peu trop fortes, mais que vous voulez toujours un cigare savoureux, le Cain Daytona 543 No. 4 est fait pour vous.<\/p>","protected":false},"excerpt":{"rendered":"<p>\u0639\u0644\u0628\u0629 \u062a\u062d\u062a\u0648\u064a \u0639\u0644\u0649 24 \u0633\u064a\u062c\u0627\u0631.<\/p>","protected":false},"featured_media":48049,"template":"","meta":{"_acf_changed":false},"product_brand":[],"product_cat":[31438,19809,24833],"product_tag":[9784,2095,15341,2299],"class_list":{"0":"post-48047","1":"product","2":"type-product","3":"status-publish","4":"has-post-thumbnail","6":"product_cat-cain","7":"product_cat-cigares","8":"product_cat-cigares-nicaraguayens","9":"product_tag-creme","10":"product_tag-epices","11":"product_tag-notes-sucrees","12":"product_tag-pain-grille","13":"product_shipping_class-cigares","15":"first","16":"instock","17":"sale","18":"taxable","19":"shipping-taxable","20":"purchasable","21":"product-type-simple"},"acf":[],"_links":{"self":[{"href":"https:\/\/cigarquality.com\/ar\/wp-json\/wp\/v2\/product\/48047","targetHints":{"allow":["GET"]}}],"collection":[{"href":"https:\/\/cigarquality.com\/ar\/wp-json\/wp\/v2\/product"}],"about":[{"href":"https:\/\/cigarquality.com\/ar\/wp-json\/wp\/v2\/types\/product"}],"wp:featuredmedia":[{"embeddable":true,"href":"https:\/\/cigarquality.com\/ar\/wp-json\/wp\/v2\/media\/48049"}],"wp:attachment":[{"href":"https:\/\/cigarquality.com\/ar\/wp-json\/wp\/v2\/media?parent=48047"}],"wp:term":[{"taxonomy":"product_brand","embeddable":true,"href":"https:\/\/cigarquality.com\/ar\/wp-json\/wp\/v2\/product_brand?post=48047"},{"taxonomy":"product_cat","embeddable":true,"href":"https:\/\/cigarquality.com\/ar\/wp-json\/wp\/v2\/product_cat?post=48047"},{"taxonomy":"product_tag","embeddable":true,"href":"https:\/\/cigarquality.com\/ar\/wp-json\/wp\/v2\/product_tag?post=48047"}],"curies":[{"name":"\u062f\u0628\u0644\u064a\u0648 \u0628\u064a","href":"https:\/\/api.w.org\/{rel}","templated":true}]}}