{"id":47933,"date":"2018-03-29T10:31:00","date_gmt":"2018-03-29T09:31:00","guid":{"rendered":"https:\/\/mkulcarx.preview.infomaniak.website\/produit\/oliva-serie-v-torpedo\/"},"modified":"2025-07-25T13:42:51","modified_gmt":"2025-07-25T11:42:51","slug":"oliva-serie-v-double-toro","status":"publish","type":"product","link":"https:\/\/cigarquality.com\/ar\/boutique\/cigares-nicaraguayens\/oliva\/oliva-serie-v\/oliva-serie-v-double-toro\/","title":{"rendered":"\u0623\u0648\u0644\u064a\u0641\u0627 \u0633\u064a\u0631\u064a \u0641\u064a \u062f\u0628\u0644 \u062a\u0648\u0631\u0648 (24)"},"content":{"rendered":"<p><span data-sheets-value=\"{&quot;1&quot;:2,&quot;2&quot;:&quot;La Oliva Serie V Double Toro, avec son \u00e9l\u00e9gante finesse, s\u2019impose gr\u00e2ce \u00e0 ses saveurs cibl\u00e9es. Fabriqu\u00e9e au Nicaragua, le Oliva Double Toro r\u00e9unit tout ce qu\u2019il y a d\u2019appr\u00e9ciable dans la gamme des Serie V dans un module Double Toro. R\u00e9sultat? Une fum\u00e9e amplifi\u00e9e tr\u00e8s dense qui saisit la langue avec ses notes terreuses, puis fleurit magnifiquement en bouche, exaltant des ar\u00f4mes de pistaches, de muscade et d\u2019amandes enrob\u00e9es de chocolat. Ce petit module est un puros qui se constitue uniquement de tabacs en provenance du Nicaragua.nnC\u2019est relativement rare qu\u2019un cigare de ce format soit prim\u00e9, la tendance accordant plus d\u2019attention aux modules \u00e9pais. Toutefois, en 2019, Cigar aficionado int\u00e8gre le Oliva Double Toro dans son classement des 10 meilleurs cigares.nnCe cigare au module Double Toro mesure 152 mm de longueur pour 24 mm de diam\u00e8tre. C'est un cigare puissant not\u00e9 4\/5 vendu en bo\u00eete de 24 cigares. Il faut compter 60 \u00e0 80 minutes pour le d\u00e9guster convenablement.&quot;}\" data-sheets-userformat=\"{&quot;2&quot;:15357,&quot;3&quot;:{&quot;1&quot;:0},&quot;5&quot;:{&quot;1&quot;:[{&quot;1&quot;:2,&quot;2&quot;:0,&quot;5&quot;:{&quot;1&quot;:2,&quot;2&quot;:0}},{&quot;1&quot;:0,&quot;2&quot;:0,&quot;3&quot;:3},{&quot;1&quot;:1,&quot;2&quot;:0,&quot;4&quot;:1}]},&quot;6&quot;:{&quot;1&quot;:[{&quot;1&quot;:2,&quot;2&quot;:0,&quot;5&quot;:{&quot;1&quot;:2,&quot;2&quot;:0}},{&quot;1&quot;:0,&quot;2&quot;:0,&quot;3&quot;:3},{&quot;1&quot;:1,&quot;2&quot;:0,&quot;4&quot;:1}]},&quot;7&quot;:{&quot;1&quot;:[{&quot;1&quot;:2,&quot;2&quot;:0,&quot;5&quot;:{&quot;1&quot;:2,&quot;2&quot;:0}},{&quot;1&quot;:0,&quot;2&quot;:0,&quot;3&quot;:3},{&quot;1&quot;:1,&quot;2&quot;:0,&quot;4&quot;:1}]},&quot;8&quot;:{&quot;1&quot;:[{&quot;1&quot;:2,&quot;2&quot;:0,&quot;5&quot;:{&quot;1&quot;:2,&quot;2&quot;:0}},{&quot;1&quot;:0,&quot;2&quot;:0,&quot;3&quot;:3},{&quot;1&quot;:1,&quot;2&quot;:0,&quot;4&quot;:1}]},&quot;9&quot;:0,&quot;10&quot;:1,&quot;11&quot;:4,&quot;12&quot;:0,&quot;14&quot;:{&quot;1&quot;:2,&quot;2&quot;:0},&quot;15&quot;:&quot;Calibri&quot;,&quot;16&quot;:10}\">La <strong>Oliva Serie V Double Toro<\/strong>, avec son \u00e9l\u00e9gante finesse, s\u2019impose gr\u00e2ce \u00e0 ses saveurs cibl\u00e9es. Fabriqu\u00e9e au Nicaragua, le Oliva Double Toro r\u00e9unit tout ce qu\u2019il y a d\u2019appr\u00e9ciable dans la gamme des Serie V dans un module Double Toro. R\u00e9sultat? Une fum\u00e9e amplifi\u00e9e tr\u00e8s dense qui saisit la langue avec ses notes terreuses, puis fleurit magnifiquement en bouche, exaltant des ar\u00f4mes de pistaches, de muscade et d\u2019amandes enrob\u00e9es de chocolat. Ce petit module est un puros qui se constitue uniquement de tabacs en provenance du Nicaragua.<\/span><\/p>\n<p>C\u2019est relativement rare qu\u2019un cigare de ce format soit prim\u00e9, la tendance accordant plus d\u2019attention aux modules \u00e9pais. Toutefois, en 2019, Cigar aficionado int\u00e8gre le Oliva Double Toro dans son classement des 10 meilleurs cigares.<\/p>\n<p>Ce cigare au module Double Toro mesure 152 mm de longueur pour 24 mm de diam\u00e8tre. C&rsquo;est un cigare puissant not\u00e9 4\/5 vendu en bo\u00eete de 24 cigares. Il faut compter 60 \u00e0 80 minutes pour le d\u00e9guster convenablement.<\/p>\n","protected":false},"excerpt":{"rendered":"<p>\u0639\u0644\u0628\u0629 \u062a\u062d\u062a\u0648\u064a \u0639\u0644\u0649 24 \u0633\u064a\u062c\u0627\u0631.<\/p>","protected":false},"featured_media":77850,"template":"","meta":{"_acf_changed":false},"product_brand":[],"product_cat":[19809,24833,31451,31511],"product_tag":[],"class_list":{"0":"post-47933","1":"product","2":"type-product","3":"status-publish","4":"has-post-thumbnail","6":"product_cat-cigares","7":"product_cat-cigares-nicaraguayens","8":"product_cat-oliva","9":"product_cat-oliva-serie-v","10":"product_shipping_class-cigares","12":"first","13":"instock","14":"sale","15":"taxable","16":"shipping-taxable","17":"purchasable","18":"product-type-simple"},"acf":[],"_links":{"self":[{"href":"https:\/\/cigarquality.com\/ar\/wp-json\/wp\/v2\/product\/47933","targetHints":{"allow":["GET"]}}],"collection":[{"href":"https:\/\/cigarquality.com\/ar\/wp-json\/wp\/v2\/product"}],"about":[{"href":"https:\/\/cigarquality.com\/ar\/wp-json\/wp\/v2\/types\/product"}],"wp:featuredmedia":[{"embeddable":true,"href":"https:\/\/cigarquality.com\/ar\/wp-json\/wp\/v2\/media\/77850"}],"wp:attachment":[{"href":"https:\/\/cigarquality.com\/ar\/wp-json\/wp\/v2\/media?parent=47933"}],"wp:term":[{"taxonomy":"product_brand","embeddable":true,"href":"https:\/\/cigarquality.com\/ar\/wp-json\/wp\/v2\/product_brand?post=47933"},{"taxonomy":"product_cat","embeddable":true,"href":"https:\/\/cigarquality.com\/ar\/wp-json\/wp\/v2\/product_cat?post=47933"},{"taxonomy":"product_tag","embeddable":true,"href":"https:\/\/cigarquality.com\/ar\/wp-json\/wp\/v2\/product_tag?post=47933"}],"curies":[{"name":"\u062f\u0628\u0644\u064a\u0648 \u0628\u064a","href":"https:\/\/api.w.org\/{rel}","templated":true}]}}