{"id":47543,"date":"2018-03-29T10:32:01","date_gmt":"2018-03-29T09:32:01","guid":{"rendered":"https:\/\/mkulcarx.preview.infomaniak.website\/produit\/no-4-2\/"},"modified":"2026-02-11T09:11:20","modified_gmt":"2026-02-11T08:11:20","slug":"no-4-2","status":"publish","type":"product","link":"https:\/\/cigarquality.com\/ar\/boutique\/cigares-nicaraguayens\/oliva\/oliva-serie-v\/no-4-2\/","title":{"rendered":"\u0639\u064a\u0646\u0629 \u062e\u0627\u0635\u0629 \u0645\u0646 \u0633\u0644\u0633\u0644\u0629 \u0623\u0648\u0644\u064a\u0641\u0627 V Series V (5)"},"content":{"rendered":"<p><strong>\u062a\u062d\u062a\u0648\u064a \u0633\u0644\u0633\u0644\u0629 \u0623\u0648\u0644\u064a\u0641\u0627 V Series Special Sampler \u0639\u0644\u0649 :<\/strong><\/p>\n<ul>\n<li>1x Oliva Serie V Diadema 7\u00d749 \u0645\u0646 Oliva Serie V Diadema 7\u00d749<\/li>\n<li>1x Oliva Serie V Diadema 6\u00d746 \u0645\u0646 Oliva Serie V Diadema 6\u00d746<\/li>\n<li>1x Oliva Serie V Serie V Churchill 7 \u00d7 52<\/li>\n<li>1x Oliva Serie V Torpedo 6\u00d754 \u0623\u0648\u0644\u064a\u0641\u0627 5 \u062a\u0648\u0631\u0628\u064a\u062f\u0648 6\u00d754<\/li>\n<li>1x Oliva Serie V Robusto 5\u00d754 \u0645\u0646 Oliva Serie V Robusto 5\u00d754<\/li>\n<\/ul>\n<p class=\"p1\">Oliva est l\u2019un des grands noms des cigares exceptionels aux Etats-Unis. Depuis plusieurs g\u00e9n\u00e9rations, les cigares de la famille Oliva sont \u00e0 l\u2019origine de la fabrication artisanale des Puros parfaits du Nicaragua. La famille Oliva est originaire de Cuba, o\u00f9 elle a exploit\u00e9 des plantations de tabac \u00e0 haut rendement. Les champs \u00e9taient \u00e0 San Juan, juste \u00e0 c\u00f4t\u00e9 de ceux de Hoyo de Monterrey. La r\u00e9volution des ann\u00e9es 1960 a mis un terme brutal \u00e0 leurs propres plantations de tabac et a pouss\u00e9 la troisi\u00e8me g\u00e9n\u00e9ration \u00e0 l\u2019exil. Mais pas sans d\u00e9tours. Le voyage relativement court jusqu\u2019\u00e0 Estel\u00ed, au Nicaragua, o\u00f9 les Olivas comptent aujourd\u2019hui parmi les plus grandes plantations de tabac, a finalement conduit \u00e0 l\u2019autre bout du monde. <strong>\u062a\u062a\u0645\u064a\u0632 \u0633\u064a\u062c\u0627\u0631\u0627\u062a \u0623\u0648\u0644\u064a\u0641\u0627 \u0628\u0623\u0646 \u0645\u0627 \u064a\u0642\u0631\u0628 \u0645\u0646 1001 \u062a\u064a\u0631\u0627\u0628\u0627\u064a\u062a \u0641\u064a 3 \u062a\u064a\u0631\u0627\u0628\u0627\u064a\u062a \u0645\u0646 \u0627\u0644\u062a\u0628\u063a \u0627\u0644\u0630\u064a \u062a\u0646\u062a\u062c\u0647 \u064a\u0623\u062a\u064a \u0645\u0646 \u062d\u0642\u0648\u0644\u0647\u0627 \u0627\u0644\u062e\u0627\u0635\u0629.<span class=\"Apple-converted-space\">\u00a0<\/span><\/strong><\/p>","protected":false},"excerpt":{"rendered":"<p>\u0639\u0644\u0628\u0629 \u0645\u0646 5 \u0633\u064a\u062c\u0627\u0631.<\/p>","protected":false},"featured_media":47542,"template":"","meta":{"_acf_changed":false},"product_brand":[],"product_cat":[19809,24833,31451,31511],"product_tag":[],"class_list":{"0":"post-47543","1":"product","2":"type-product","3":"status-publish","4":"has-post-thumbnail","6":"product_cat-cigares","7":"product_cat-cigares-nicaraguayens","8":"product_cat-oliva","9":"product_cat-oliva-serie-v","10":"product_shipping_class-cigares","12":"first","13":"instock","14":"taxable","15":"shipping-taxable","16":"purchasable","17":"product-type-simple"},"acf":[],"_links":{"self":[{"href":"https:\/\/cigarquality.com\/ar\/wp-json\/wp\/v2\/product\/47543","targetHints":{"allow":["GET"]}}],"collection":[{"href":"https:\/\/cigarquality.com\/ar\/wp-json\/wp\/v2\/product"}],"about":[{"href":"https:\/\/cigarquality.com\/ar\/wp-json\/wp\/v2\/types\/product"}],"wp:featuredmedia":[{"embeddable":true,"href":"https:\/\/cigarquality.com\/ar\/wp-json\/wp\/v2\/media\/47542"}],"wp:attachment":[{"href":"https:\/\/cigarquality.com\/ar\/wp-json\/wp\/v2\/media?parent=47543"}],"wp:term":[{"taxonomy":"product_brand","embeddable":true,"href":"https:\/\/cigarquality.com\/ar\/wp-json\/wp\/v2\/product_brand?post=47543"},{"taxonomy":"product_cat","embeddable":true,"href":"https:\/\/cigarquality.com\/ar\/wp-json\/wp\/v2\/product_cat?post=47543"},{"taxonomy":"product_tag","embeddable":true,"href":"https:\/\/cigarquality.com\/ar\/wp-json\/wp\/v2\/product_tag?post=47543"}],"curies":[{"name":"\u062f\u0628\u0644\u064a\u0648 \u0628\u064a","href":"https:\/\/api.w.org\/{rel}","templated":true}]}}