{"id":47355,"date":"2018-03-29T10:32:24","date_gmt":"2018-03-29T09:32:24","guid":{"rendered":"https:\/\/mkulcarx.preview.infomaniak.website\/produit\/aniversario-no-3-tubos-3-cigares\/"},"modified":"2025-07-25T13:24:01","modified_gmt":"2025-07-25T11:24:01","slug":"davidoff-aniversario-no-3-tubos-3-cigares","status":"publish","type":"product","link":"https:\/\/cigarquality.com\/ar\/boutique\/cigares-dominicains\/davidoff\/aniversario\/davidoff-aniversario-no-3-tubos-3-cigares\/","title":{"rendered":"\u0639\u0644\u0628\u0629 \u062a\u0648\u0628\u0648 \u062f\u0627\u0641\u064a\u062f\u0648\u0641 \u0623\u0646\u064a\u0641\u0631\u0633\u0627\u0631\u064a\u0648 \u0631\u0642\u0645 3 (3)"},"content":{"rendered":"<p>Le cigare Davidoff Aniversario No. 3 a \u00e9t\u00e9 confectionn\u00e9 avec d\u00e9licatesse \u00e0 la main. Sa saveur n\u2019est pas tr\u00e8s loin de celle du Davidoff Double R. Ce cigare \u00e0 une longueur de 152 mm et son diam\u00e8tre est \u00e9gal \u00e0 20 mm. Le calibre qui en r\u00e9sulte est \u00e9quivaut \u00e0 une bague de 50. Sa force medium et son format Toro garantissent un bon moment de d\u00e9gustation. Le temps de cette d\u00e9gustation se situe dans les environs de 50 minutes. Il s\u2019agit d\u2019un long Robusto destin\u00e9 \u00e0 satisfaire tout amateur de cigare de qualit\u00e9. Le format de ce cigare contribue \u00e0 rendre son ar\u00f4me plus soutenu. Ce format \u00e0 l\u2019avantage de garantir une bonne prise en main de la vitole. Le br\u00fblage est r\u00e9gulier et agr\u00e9able. Sa saveur est bien \u00e9quilibr\u00e9e et ses ar\u00f4mes de grill\u00e9s, d\u2019\u00e9pices, de poivre et de noisettes sont fortement appr\u00e9ci\u00e9s des amateurs. La saveur riche et soutenue est accessible \u00e0 de nombreux amateurs. La couleur de Davidoff Aniversario No. 3 colorado claro est agr\u00e9able et donne un aspect frais au cigare. Sa tripe et sa sous cape sont d\u2019origine \u00e9quatorienne et il est roul\u00e9 dans une cape du Connecticut. Davidoff Aniversario No. 3 se caract\u00e9rise par son intensit\u00e9 aromatique qui le rend accessible \u00e0 la majorit\u00e9 des amateurs.<\/p>","protected":false},"excerpt":{"rendered":"<p>\u0639\u0644\u0628\u0629 \u0645\u0646 3 \u0633\u064a\u062c\u0627\u0631 \u0641\u064a \u0623\u0646\u0628\u0648\u0628.<\/p>","protected":false},"featured_media":6641,"template":"","meta":{"_acf_changed":false},"product_brand":[],"product_cat":[19809,19812,19835,31117],"product_tag":[],"class_list":{"0":"post-47355","1":"product","2":"type-product","3":"status-publish","4":"has-post-thumbnail","6":"product_cat-cigares","7":"product_cat-cigares-dominicains","8":"product_cat-davidoff","9":"product_cat-aniversario","10":"product_shipping_class-cigares","12":"first","13":"instock","14":"sale","15":"taxable","16":"shipping-taxable","17":"purchasable","18":"product-type-simple"},"acf":[],"_links":{"self":[{"href":"https:\/\/cigarquality.com\/ar\/wp-json\/wp\/v2\/product\/47355","targetHints":{"allow":["GET"]}}],"collection":[{"href":"https:\/\/cigarquality.com\/ar\/wp-json\/wp\/v2\/product"}],"about":[{"href":"https:\/\/cigarquality.com\/ar\/wp-json\/wp\/v2\/types\/product"}],"wp:featuredmedia":[{"embeddable":true,"href":"https:\/\/cigarquality.com\/ar\/wp-json\/wp\/v2\/media\/6641"}],"wp:attachment":[{"href":"https:\/\/cigarquality.com\/ar\/wp-json\/wp\/v2\/media?parent=47355"}],"wp:term":[{"taxonomy":"product_brand","embeddable":true,"href":"https:\/\/cigarquality.com\/ar\/wp-json\/wp\/v2\/product_brand?post=47355"},{"taxonomy":"product_cat","embeddable":true,"href":"https:\/\/cigarquality.com\/ar\/wp-json\/wp\/v2\/product_cat?post=47355"},{"taxonomy":"product_tag","embeddable":true,"href":"https:\/\/cigarquality.com\/ar\/wp-json\/wp\/v2\/product_tag?post=47355"}],"curies":[{"name":"\u062f\u0628\u0644\u064a\u0648 \u0628\u064a","href":"https:\/\/api.w.org\/{rel}","templated":true}]}}