{"id":47293,"date":"2018-03-29T11:32:32","date_gmt":"2018-03-29T09:32:32","guid":{"rendered":"https:\/\/mkulcarx.preview.infomaniak.website\/produit\/grand-cru-no-2-cello-25-cigares\/"},"modified":"2026-03-12T18:21:49","modified_gmt":"2026-03-12T17:21:49","slug":"davidoff-grand-cru-no-2-cello-25-cigares","status":"publish","type":"product","link":"https:\/\/cigarquality.com\/ar\/boutique\/cigares-dominicains\/davidoff\/grand-cru\/davidoff-grand-cru-no-2-cello-25-cigares\/","title":{"rendered":"\u062f\u0627\u0641\u064a\u062f\u0648\u0641 \u063a\u0631\u0627\u0646\u062f \u0643\u0631\u0648 \u0631\u0642\u0645 2 (25)"},"content":{"rendered":"<p>\u064a\u0628\u0644\u063a \u0637\u0648\u0644\u0647\u0627 142.8 \u0645\u0645. \u0642\u0637\u0631\u0647\u0627 17 \u0645\u0645. \u0639\u064a\u0627\u0631\u0647\u0627 43. \u064a\u064f\u0637\u0644\u0642 \u0639\u0644\u0649 \u0648\u062d\u062f\u062a\u0647 \u0627\u0633\u0645 \u0643\u0648\u0631\u0648\u0646\u0627 \u0644\u0627\u0631\u062c\u0627 (\u0647\u0627\u0644\u0629 \u0637\u0648\u064a\u0644\u0629). \u064a\u0633\u062a\u063a\u0631\u0642 \u0637\u0639\u0645\u0647 \u0645\u0627 \u064a\u0642\u062f\u0631 \u0628\u062b\u0644\u0627\u062b\u064a\u0646 \u062f\u0642\u064a\u0642\u0629. \u0643\u0631\u0634\u0629 <strong>\u062f\u0627\u0641\u064a\u062f\u0648\u0641 \u063a\u0631\u0627\u0646\u062f \u0643\u0631\u0648 \u0631\u0642\u0645 2<\/strong> est compos\u00e9e en grande partie de feuilles ligero pr\u00e9lev\u00e9es au sommet des pieds de tabac. Elles proviennent des champs de la R\u00e9publique dominicaine, tout comme les autres feuilles qui forment la tripe et celles qui servent \u00e0 la r\u00e9alisation de la sous-cape. En revanche, la feuille de cape colorado claro est un connecticut shade issu de plantations en \u00c9quateur. Son allumage est simple et sa combustibilit\u00e9 est parfaite. La vitole exhale une saveur forte. C\u2019est un cigare cors\u00e9 avec un parfait \u00e9quilibre des ar\u00f4mes. Le panel aromatique fait la part belle au go\u00fbt de noisette ainsi qu\u2019\u00e0 une note bois\u00e9e. L\u2019odeur de l\u2019herbe est \u00e9galement omnipr\u00e9sente m\u00eame si elle est moins intense que les deux pr\u00e9c\u00e9dents ar\u00f4mes. Enfin, il faut savoir que le cigare <strong>\u062f\u0627\u0641\u064a\u062f\u0648\u0641 \u063a\u0631\u0627\u0646\u062f \u0643\u0631\u0648 \u0631\u0642\u0645 2<\/strong> \u0633\u064a\u062c\u0627\u0631 \u062e\u0641\u064a\u0641 \u0648\u0645\u062a\u0648\u0633\u0637\u060c \u0645\u0646\u0627\u0633\u0628 \u0644\u0644\u0645\u062f\u062e\u0646\u064a\u0646 \u0627\u0644\u0645\u0628\u062a\u062f\u0626\u064a\u0646 \u0648\u0627\u0644\u0645\u062a\u0645\u0631\u0633\u064a\u0646 \u0639\u0644\u0649 \u062d\u062f \u0633\u0648\u0627\u0621.<\/p>","protected":false},"excerpt":{"rendered":"<p>\u0639\u0644\u0628\u0629 \u0645\u0646 25 \u0633\u064a\u062c\u0627\u0631.<\/p>","protected":false},"featured_media":6659,"template":"","meta":{"_acf_changed":false},"product_brand":[],"product_cat":[19809,19812,19835,27080],"product_tag":[],"class_list":{"0":"post-47293","1":"product","2":"type-product","3":"status-publish","4":"has-post-thumbnail","6":"product_cat-cigares","7":"product_cat-cigares-dominicains","8":"product_cat-davidoff","9":"product_cat-grand-cru","10":"product_shipping_class-cigares","12":"first","13":"instock","14":"sale","15":"taxable","16":"shipping-taxable","17":"purchasable","18":"product-type-simple"},"acf":[],"_links":{"self":[{"href":"https:\/\/cigarquality.com\/ar\/wp-json\/wp\/v2\/product\/47293","targetHints":{"allow":["GET"]}}],"collection":[{"href":"https:\/\/cigarquality.com\/ar\/wp-json\/wp\/v2\/product"}],"about":[{"href":"https:\/\/cigarquality.com\/ar\/wp-json\/wp\/v2\/types\/product"}],"wp:featuredmedia":[{"embeddable":true,"href":"https:\/\/cigarquality.com\/ar\/wp-json\/wp\/v2\/media\/6659"}],"wp:attachment":[{"href":"https:\/\/cigarquality.com\/ar\/wp-json\/wp\/v2\/media?parent=47293"}],"wp:term":[{"taxonomy":"product_brand","embeddable":true,"href":"https:\/\/cigarquality.com\/ar\/wp-json\/wp\/v2\/product_brand?post=47293"},{"taxonomy":"product_cat","embeddable":true,"href":"https:\/\/cigarquality.com\/ar\/wp-json\/wp\/v2\/product_cat?post=47293"},{"taxonomy":"product_tag","embeddable":true,"href":"https:\/\/cigarquality.com\/ar\/wp-json\/wp\/v2\/product_tag?post=47293"}],"curies":[{"name":"\u062f\u0628\u0644\u064a\u0648 \u0628\u064a","href":"https:\/\/api.w.org\/{rel}","templated":true}]}}