{"id":43416,"date":"2019-10-10T15:38:13","date_gmt":"2019-10-10T14:38:13","guid":{"rendered":"https:\/\/cigarquality.com\/?post_type=product&#038;p=21073"},"modified":"2025-07-25T13:56:08","modified_gmt":"2025-07-25T11:56:08","slug":"padron-six-corticos-maduro-6","status":"publish","type":"product","link":"https:\/\/cigarquality.com\/ar\/boutique\/cigares-nicaraguayens\/padron\/padron-series\/padron-six-corticos-maduro-6\/","title":{"rendered":"\u0628\u0627\u062f\u0631\u0648\u0646 \u0633\u064a\u0643\u0633 \u0643\u0648\u0631\u062a\u064a\u0643\u0648\u0633 \u0645\u0627\u062f\u0648\u0631\u0648 (6)"},"content":{"rendered":"<p>\u0633\u064a\u062c\u0627\u0631 Padron Six Corticos Maduro \u0647\u0648 \u062c\u0632\u0621 \u0645\u0646 \u0645\u062c\u0645\u0648\u0639\u0629 \u0633\u064a\u062c\u0627\u0631 Padron Classic \u0623\u0648 Padron Thousand Series.<\/p>\n<p>\u0647\u0630\u0647 \u0647\u064a \u0623\u0635\u063a\u0631 \u0648\u062d\u062f\u0629 \u0641\u064a \u0627\u0644\u0633\u0644\u0633\u0644\u0629. \u064a\u0628\u0644\u063a \u0637\u0648\u0644 \u0648\u062d\u062f\u0629 Padron Six Corticos Maduro 108 \u0645\u0644\u0645 \u0648\u0642\u0637\u0631\u0647\u0627 14.17 \u0645\u0644\u0645. \u0625\u0646\u0647 \u0633\u064a\u062c\u0627\u0631 \u0646\u064a\u0643\u0627\u0631\u0627\u063a\u0648\u0627 \u0628\u0648\u0631\u0648\u060c \u0648\u0647\u0648 \u0645\u0627 \u064a\u0639\u0646\u064a \u0623\u0646 \u062c\u0645\u064a\u0639 \u0623\u0646\u0648\u0627\u0639 \u0627\u0644\u062a\u0628\u063a \u0627\u0644\u0645\u0633\u062a\u062e\u062f\u0645\u0629 \u062a\u064f\u0632\u0631\u0639 \u0641\u064a \u0646\u064a\u0643\u0627\u0631\u0627\u063a\u0648\u0627. \u0639\u0646\u062f \u062a\u0630\u0648\u0642\u0647\u060c \u064a\u0642\u062f\u0645 \u0647\u0630\u0627 \u0627\u0644\u0633\u064a\u062c\u0627\u0631 \u0631\u0648\u0627\u0626\u062d \u062a\u0631\u0627\u0628\u064a\u0629 \u0648\u062d\u0627\u0631\u0629 \u0642\u0644\u064a\u0644\u0627\u064b\u060c \u0648\u064a\u0639\u062a\u0628\u0631 \u0645\u062a\u0648\u0633\u0637 \u0625\u0644\u0649 \u0643\u0627\u0645\u0644 \u0627\u0644\u062c\u0633\u0645 \u0625\u0644\u0649 \u062d\u062f \u0645\u0627.<\/p>\n<p>\u064a\u062a\u0648\u0641\u0631 \u0623\u064a\u0636\u0627\u064b \u0628\u063a\u0644\u0627\u0641 \u0623\u062e\u0641 \u064a\u0639\u0631\u0641 \u0628\u0627\u0633\u0645 \u0646\u0627\u062a\u0634\u0648\u0631\u0627\u0644. \u0644\u0627\u0633\u062a\u0647\u0644\u0627\u0643 \u0647\u0630\u0627 \u0627\u0644\u0633\u064a\u062c\u0627\u0631\u060c \u0627\u0646\u062a\u0638\u0631 \u062d\u0648\u0627\u0644\u064a 20 \u062f\u0642\u064a\u0642\u0629. \u0627\u0644\u0648\u062d\u062f\u0627\u062a \u0627\u0644\u0623\u062e\u0631\u0649 \u0641\u064a \u0627\u0644\u0633\u0644\u0633\u0644\u0629 \u0627\u0644\u0643\u0644\u0627\u0633\u064a\u0643\u064a\u0629 \u0647\u064a \u0628\u0627\u062f\u0648\u0646 2000\u060c 3000\u060c 4000\u060c 4000\u060c 5000\u060c 6000\u060c 6000\u060c 7000\u060c \u0645\u0627\u063a\u0646\u0648\u0645\u060c \u0625\u0643\u0632\u064a\u0643\u062a\u064a\u0641\u060c \u062a\u0634\u0631\u0634\u0644\u060c \u062f\u064a\u0644\u064a\u0633\u064a\u0627\u0633 \u0648\u0644\u0646\u062f\u0646.<\/p>\n<p>La marque Padron n&rsquo;a plus besoin d&rsquo;\u00eatre pr\u00e9sent\u00e9e, les cigares Padron sont devenus une r\u00e9f\u00e9rence dans l&rsquo;industrie et sont parmi les plus r\u00e9put\u00e9s et savoureux \u00e0 travers la plan\u00e8te. Les membres de la famille Padron expliquent le mieux leur riche h\u00e9ritage : \u00a0\u00bb la famille Padron comprend que faire un bon cigare demande du temps et de l&rsquo;exp\u00e9rience, notre patriarche Damaso Padron a commenc\u00e9 \u00e0 cultiver l&rsquo;h\u00e9ritage de la famille dans les ann\u00e9es 1800 \u00e0 Pinar Del Rio, la r\u00e9gion de tabac la plus riche de Cuba.<\/p>","protected":false},"excerpt":{"rendered":"<p>\u0639\u0644\u0628\u0629 \u0645\u0646 6 \u0633\u064a\u062c\u0627\u0631.<\/p>","protected":false},"featured_media":43422,"template":"","meta":{"_acf_changed":false},"product_brand":[],"product_cat":[19809,24833,25449,25451],"product_tag":[626,942],"class_list":{"0":"post-43416","1":"product","2":"type-product","3":"status-publish","4":"has-post-thumbnail","6":"product_cat-cigares","7":"product_cat-cigares-nicaraguayens","8":"product_cat-padron","9":"product_cat-padron-series","10":"product_tag-cacao","11":"product_tag-cafe","12":"product_shipping_class-cigares","14":"first","15":"outofstock","16":"taxable","17":"shipping-taxable","18":"purchasable","19":"product-type-simple"},"acf":[],"_links":{"self":[{"href":"https:\/\/cigarquality.com\/ar\/wp-json\/wp\/v2\/product\/43416","targetHints":{"allow":["GET"]}}],"collection":[{"href":"https:\/\/cigarquality.com\/ar\/wp-json\/wp\/v2\/product"}],"about":[{"href":"https:\/\/cigarquality.com\/ar\/wp-json\/wp\/v2\/types\/product"}],"wp:featuredmedia":[{"embeddable":true,"href":"https:\/\/cigarquality.com\/ar\/wp-json\/wp\/v2\/media\/43422"}],"wp:attachment":[{"href":"https:\/\/cigarquality.com\/ar\/wp-json\/wp\/v2\/media?parent=43416"}],"wp:term":[{"taxonomy":"product_brand","embeddable":true,"href":"https:\/\/cigarquality.com\/ar\/wp-json\/wp\/v2\/product_brand?post=43416"},{"taxonomy":"product_cat","embeddable":true,"href":"https:\/\/cigarquality.com\/ar\/wp-json\/wp\/v2\/product_cat?post=43416"},{"taxonomy":"product_tag","embeddable":true,"href":"https:\/\/cigarquality.com\/ar\/wp-json\/wp\/v2\/product_tag?post=43416"}],"curies":[{"name":"\u062f\u0628\u0644\u064a\u0648 \u0628\u064a","href":"https:\/\/api.w.org\/{rel}","templated":true}]}}