{"id":41269,"date":"2020-02-25T15:37:06","date_gmt":"2020-02-25T14:37:06","guid":{"rendered":"https:\/\/cigarquality.com\/?post_type=product&#038;p=33364"},"modified":"2025-07-25T13:31:28","modified_gmt":"2025-07-25T11:31:28","slug":"firstland-cuban-cut-de-table","status":"publish","type":"product","link":"https:\/\/cigarquality.com\/ar\/boutique\/accessoires-cigares\/coupe-cigares\/firstland\/firstland-cuban-cut-de-table\/","title":{"rendered":"\u0641\u064a\u0631\u0633\u062a \u0644\u0627\u0646\u062f \u0645\u0648\u0646 2 \u0643\u0648\u0628 \u0642\u0637\u0627\u0639\u0629 \u0633\u064a\u062c\u0627\u0631 \u0637\u0627\u0648\u0644\u0629 2 \u0643\u0648\u0628"},"content":{"rendered":"<p>\u0644\u0648 <strong>\u0641\u064a\u0631\u0633\u062a \u0644\u0627\u0646\u062f \u0645\u0648\u0646 2 \u0643\u0648\u0628 \u0642\u0637\u0627\u0639\u0629 \u0633\u064a\u062c\u0627\u0631 \u0637\u0627\u0648\u0644\u0629 2 \u0643\u0648\u0628<\/strong> \u0647\u064a \u0627\u0644\u0625\u0643\u0633\u0633\u0648\u0627\u0631 \u0627\u0644\u0645\u062b\u0627\u0644\u064a \u0644\u0645\u062d\u0628\u064a \u0627\u0644\u0633\u064a\u062c\u0627\u0631 \u0627\u0644\u0630\u064a\u0646 \u064a\u0628\u062d\u062b\u0648\u0646 \u0639\u0646 \u0627\u0644\u062f\u0642\u0629 \u0648\u0627\u0644\u0623\u0646\u0627\u0642\u0629. \u0635\u0645\u0645\u062a\u0647\u0627 \u0641\u064a\u0631\u0633\u062a\u0644\u0627\u0646\u062f \u0628\u062a\u0635\u0645\u064a\u0645 \u0645\u0633\u062a\u0648\u062d\u0649 \u0645\u0646 \u0637\u0631\u0627\u0632 \u0641\u0646 \u0627\u0644\u0622\u0631\u062a \u062f\u064a\u0643\u0648\u060c \u062a\u062a\u0645\u064a\u0632 \u0642\u0637\u0627\u0639\u0629 \u0627\u0644\u0633\u064a\u062c\u0627\u0631 \u0647\u0630\u0647 \u0628\u062c\u0645\u0627\u0644\u064a\u062a\u0647\u0627 \u0648\u0639\u0645\u0644\u064a\u0629 \u062a\u0635\u0645\u064a\u0645\u0647\u0627. \u0648\u0647\u064a \u0645\u0635\u0646\u0648\u0639\u0629 \u0645\u0646 \u0627\u0644\u0645\u0639\u062f\u0646 \u0645\u0639 \u0634\u0641\u0631\u0627\u062a \u0645\u0646 \u0627\u0644\u0641\u0648\u0644\u0627\u0630 \u0627\u0644\u062c\u0631\u0627\u062d\u064a\u060c \u0648\u0647\u064a \u062a\u0639\u062f\u0643 \u0628\u062a\u0642\u0637\u064a\u0639 \u0646\u0638\u064a\u0641 \u0648\u0633\u0647\u0644.<\/p>\n<p>\u0648\u0628\u0641\u0636\u0644 \u062d\u0631\u0643\u0629 \u0627\u0644\u0631\u0627\u0641\u0639\u0629 \u0627\u0644\u062e\u0627\u0635\u0629 \u0628\u0647\u0627\u060c \u0641\u0625\u0646 <strong>\u0641\u064a\u0631\u0633\u062a \u0644\u0627\u0646\u062f \u0645\u0648\u0646 2 \u0643\u0648\u0628 \u0642\u0637\u0627\u0639\u0629 \u0633\u064a\u062c\u0627\u0631 \u0637\u0627\u0648\u0644\u0629 2 \u0643\u0648\u0628<\/strong> \u064a\u0648\u0641\u0631 \u062e\u064a\u0627\u0631\u064a\u0646 \u0644\u0644\u0642\u0637\u0639: \u0642\u0637\u0639 \u0643\u0644\u0627\u0633\u064a\u0643\u064a \u0645\u0633\u062a\u0642\u064a\u0645 \u0644\u0644\u0627\u0633\u062a\u0645\u062a\u0627\u0639 \u0627\u0644\u062e\u0627\u0644\u0635 \u0648\u0642\u0635 \u0639\u0644\u0649 \u0634\u0643\u0644 V \u0644\u062a\u062c\u0631\u0628\u0629 \u0623\u0643\u062b\u0631 \u0642\u0648\u0629\u060c \u0648\u0647\u0648 \u0645\u062b\u0627\u0644\u064a \u0644\u0633\u064a\u062c\u0627\u0631 \u0627\u0644\u0637\u0648\u0631\u0628\u064a\u062f.<\/p>\n<p>\u0645\u0639 <strong>11.5 \u00d7 10.5 \u00d7 10.5 \u00d7 13 \u0633\u0645<\/strong>\u062a\u064f\u0639\u062f \u0642\u0637\u0627\u0639\u0629 \u0627\u0644\u0633\u064a\u062c\u0627\u0631 \u0647\u0630\u0647 \u0625\u0643\u0633\u0633\u0648\u0627\u0631 \u0623\u0646\u064a\u0642 \u0644\u0644\u0645\u0627\u0626\u062f\u0629 \u0648\u0645\u062b\u0627\u0644\u064a \u0644\u062a\u0639\u0632\u064a\u0632 \u0645\u0633\u0627\u062d\u062a\u0643 \u0648\u0637\u0642\u0648\u0633 \u062a\u0630\u0648\u0642 \u0627\u0644\u0633\u064a\u062c\u0627\u0631.<\/p>","protected":false},"excerpt":{"rendered":"<p>\u0642\u0627\u0637\u0639 \u0633\u064a\u062c\u0627\u0631 \u0627\u0644\u0637\u0627\u0648\u0644\u0629.<\/p>","protected":false},"featured_media":295157,"template":"","meta":{"_acf_changed":false},"product_brand":[],"product_cat":[21754,21757,45019],"product_tag":[14765],"class_list":{"0":"post-41269","1":"product","2":"type-product","3":"status-publish","4":"has-post-thumbnail","6":"product_cat-accessoires-cigares","7":"product_cat-coupe-cigares","8":"product_cat-firstland","9":"product_tag-coupe-cigares-de-table","10":"product_shipping_class-divers","12":"first","13":"instock","14":"taxable","15":"shipping-taxable","16":"purchasable","17":"product-type-simple"},"acf":[],"_links":{"self":[{"href":"https:\/\/cigarquality.com\/ar\/wp-json\/wp\/v2\/product\/41269","targetHints":{"allow":["GET"]}}],"collection":[{"href":"https:\/\/cigarquality.com\/ar\/wp-json\/wp\/v2\/product"}],"about":[{"href":"https:\/\/cigarquality.com\/ar\/wp-json\/wp\/v2\/types\/product"}],"wp:featuredmedia":[{"embeddable":true,"href":"https:\/\/cigarquality.com\/ar\/wp-json\/wp\/v2\/media\/295157"}],"wp:attachment":[{"href":"https:\/\/cigarquality.com\/ar\/wp-json\/wp\/v2\/media?parent=41269"}],"wp:term":[{"taxonomy":"product_brand","embeddable":true,"href":"https:\/\/cigarquality.com\/ar\/wp-json\/wp\/v2\/product_brand?post=41269"},{"taxonomy":"product_cat","embeddable":true,"href":"https:\/\/cigarquality.com\/ar\/wp-json\/wp\/v2\/product_cat?post=41269"},{"taxonomy":"product_tag","embeddable":true,"href":"https:\/\/cigarquality.com\/ar\/wp-json\/wp\/v2\/product_tag?post=41269"}],"curies":[{"name":"\u062f\u0628\u0644\u064a\u0648 \u0628\u064a","href":"https:\/\/api.w.org\/{rel}","templated":true}]}}