{"id":41075,"date":"2018-03-29T11:28:45","date_gmt":"2018-03-29T09:28:45","guid":{"rendered":"https:\/\/mkulcarx.preview.infomaniak.website\/produit\/le-hoyo-de-san-juan-a-t-3\/"},"modified":"2026-01-05T16:35:00","modified_gmt":"2026-01-05T15:35:00","slug":"le-hoyo-de-san-juan-a-t-3","status":"publish","type":"product","link":"https:\/\/cigarquality.com\/ar\/boutique\/cigares-cubains\/hoyo-de-monterrey\/hoyo-de-monterrey-le-hoyo\/le-hoyo-de-san-juan-a-t-3\/","title":{"rendered":"\u0647\u0648\u064a\u0648 \u062f\u064a \u0645\u0648\u0646\u062a\u064a\u0631\u064a \u0644\u0648 \u0647\u0648\u064a\u0648 \u062f\u064a \u0633\u0627\u0646 \u062e\u0648\u0627\u0646 \u062a\u0648\u0628\u0648\u0633 (3)"},"content":{"rendered":"<p>Le Hoyo de San Juan de Hoyo de Monterrey est le plus gros module de la production de la marque et s&rsquo;\u00e9tire sur 150 mm de long. La cape grasse et huileuse enrobe \u00e0 merveille une tripe homog\u00e8ne et souple. Les premi\u00e8res volutes, douces et \u00e9quilibr\u00e9es, caressent la bouche avec gr\u00e2ce et d\u00e9licatesse. Les ar\u00f4mes de pains d&rsquo;\u00e9pices s&rsquo;entrelacent de notes plus bois\u00e9es lors de la d\u00e9gustation du divin. Le final, plus rassasiant et \u00e9pic\u00e9, offre une pl\u00e9nitude aromatique \u00e9vidente.<\/p>","protected":false},"excerpt":{"rendered":"<p>\u0639\u0644\u0628\u0629 \u0645\u0646 3 \u0633\u064a\u062c\u0627\u0631 \u0641\u064a \u0623\u0646\u0628\u0648\u0628.<\/p>","protected":false},"featured_media":16278,"template":"","meta":{"_acf_changed":false},"product_brand":[],"product_cat":[19809,19845,20969,45388,16866],"product_tag":[],"class_list":{"0":"post-41075","1":"product","2":"type-product","3":"status-publish","4":"has-post-thumbnail","6":"product_cat-cigares","7":"product_cat-cigares-cubains","8":"product_cat-hoyo-de-monterrey","9":"product_cat-hoyo-de-monterrey-le-hoyo","10":"product_cat-les-meilleurs-cigares","11":"product_shipping_class-cigares","13":"first","14":"outofstock","15":"taxable","16":"shipping-taxable","17":"purchasable","18":"product-type-simple"},"acf":[],"_links":{"self":[{"href":"https:\/\/cigarquality.com\/ar\/wp-json\/wp\/v2\/product\/41075","targetHints":{"allow":["GET"]}}],"collection":[{"href":"https:\/\/cigarquality.com\/ar\/wp-json\/wp\/v2\/product"}],"about":[{"href":"https:\/\/cigarquality.com\/ar\/wp-json\/wp\/v2\/types\/product"}],"wp:featuredmedia":[{"embeddable":true,"href":"https:\/\/cigarquality.com\/ar\/wp-json\/wp\/v2\/media\/16278"}],"wp:attachment":[{"href":"https:\/\/cigarquality.com\/ar\/wp-json\/wp\/v2\/media?parent=41075"}],"wp:term":[{"taxonomy":"product_brand","embeddable":true,"href":"https:\/\/cigarquality.com\/ar\/wp-json\/wp\/v2\/product_brand?post=41075"},{"taxonomy":"product_cat","embeddable":true,"href":"https:\/\/cigarquality.com\/ar\/wp-json\/wp\/v2\/product_cat?post=41075"},{"taxonomy":"product_tag","embeddable":true,"href":"https:\/\/cigarquality.com\/ar\/wp-json\/wp\/v2\/product_tag?post=41075"}],"curies":[{"name":"\u062f\u0628\u0644\u064a\u0648 \u0628\u064a","href":"https:\/\/api.w.org\/{rel}","templated":true}]}}