{"id":40493,"date":"2019-06-29T10:27:29","date_gmt":"2019-06-29T09:27:29","guid":{"rendered":"https:\/\/mkulcarx.preview.infomaniak.website\/produit\/cohiba-maduro-secretos-5-bn-10-2\/"},"modified":"2025-10-29T16:09:09","modified_gmt":"2025-10-29T15:09:09","slug":"cohiba-maduro-secretos-5-bn-10","status":"publish","type":"product","link":"https:\/\/cigarquality.com\/ar\/boutique\/cigares-cubains\/cohiba\/cohiba-maduro-5\/cohiba-maduro-secretos-5-bn-10\/","title":{"rendered":"\u0643\u0648\u0647\u064a\u0628\u0627 \u0645\u0627\u062f\u0648\u0631\u0648 \u0633\u064a\u0643\u0631\u064a\u062a\u0648\u0633 5 \u0628\u064a \u0625\u0646 (10)"},"content":{"rendered":"<p>\u062a\u064f\u0639\u062f \u0643\u0648\u0647\u064a\u0628\u0627 \u0645\u0627\u062f\u0648\u0631\u0648 \u0633\u064a\u0643\u0631\u064a\u062a\u0648\u0633 5 \u062c\u0632\u0621\u064b\u0627 \u0645\u0646 \u0645\u062c\u0645\u0648\u0639\u0629 \u0643\u0648\u0647\u064a\u0628\u0627 \u0627\u0644\u062c\u062f\u064a\u062f\u0629 \u0627\u0644\u062a\u064a \u062a\u0636\u0645 <strong>\u0639\u0628\u0627\u0621\u0629 \u062f\u0627\u0643\u0646\u0629 \u062a\u0645\u0627\u0645\u0627\u064b<\/strong> A cru, des notes \u00e9pic\u00e9es et bois\u00e9es viennent compl\u00e9ter un esth\u00e9tisme parfait. D\u00e8s l&rsquo;allumage, les ar\u00f4mes gourmands, bien fondus, bien sombres, envahissent rapidement le palais. Au fil de la d\u00e9gustation, que l&rsquo;on appr\u00e9cie tant le tirage est bon, la tendance bois\u00e9e se confirme et s&rsquo;intensifie en laissant entre-appara\u00eetre des touches de champignon. Le final confirme la tr\u00e8s bonne aptitude de cette vitole, qui d\u00e9veloppera encore plus de complexit\u00e9 dans quelques ann\u00e9es.<\/p>","protected":false},"excerpt":{"rendered":"<p>\u0639\u0644\u0628\u0629 \u0645\u0646 10 \u0633\u064a\u062c\u0627\u0631.<\/p>","protected":false},"featured_media":40340,"template":"","meta":{"_acf_changed":false},"product_brand":[],"product_cat":[19809,19845,19885,45380,19793],"product_tag":[],"class_list":{"0":"post-40493","1":"product","2":"type-product","3":"status-publish","4":"has-post-thumbnail","6":"product_cat-cigares","7":"product_cat-cigares-cubains","8":"product_cat-cohiba","9":"product_cat-cohiba-maduro-5","10":"product_cat-hard-to-find","11":"product_shipping_class-cigares","13":"first","14":"outofstock","15":"taxable","16":"shipping-taxable","17":"purchasable","18":"product-type-simple"},"acf":[],"_links":{"self":[{"href":"https:\/\/cigarquality.com\/ar\/wp-json\/wp\/v2\/product\/40493","targetHints":{"allow":["GET"]}}],"collection":[{"href":"https:\/\/cigarquality.com\/ar\/wp-json\/wp\/v2\/product"}],"about":[{"href":"https:\/\/cigarquality.com\/ar\/wp-json\/wp\/v2\/types\/product"}],"wp:featuredmedia":[{"embeddable":true,"href":"https:\/\/cigarquality.com\/ar\/wp-json\/wp\/v2\/media\/40340"}],"wp:attachment":[{"href":"https:\/\/cigarquality.com\/ar\/wp-json\/wp\/v2\/media?parent=40493"}],"wp:term":[{"taxonomy":"product_brand","embeddable":true,"href":"https:\/\/cigarquality.com\/ar\/wp-json\/wp\/v2\/product_brand?post=40493"},{"taxonomy":"product_cat","embeddable":true,"href":"https:\/\/cigarquality.com\/ar\/wp-json\/wp\/v2\/product_cat?post=40493"},{"taxonomy":"product_tag","embeddable":true,"href":"https:\/\/cigarquality.com\/ar\/wp-json\/wp\/v2\/product_tag?post=40493"}],"curies":[{"name":"\u062f\u0628\u0644\u064a\u0648 \u0628\u064a","href":"https:\/\/api.w.org\/{rel}","templated":true}]}}