{"id":295812,"date":"2024-11-26T10:51:08","date_gmt":"2024-11-26T09:51:08","guid":{"rendered":"https:\/\/cigarquality.com\/?post_type=product&#038;p=295812"},"modified":"2026-02-23T14:00:09","modified_gmt":"2026-02-23T13:00:09","slug":"elie-bleu-hemingway-house-of-dreams-60","status":"publish","type":"product","link":"https:\/\/cigarquality.com\/ar\/boutique\/cigares-dominicains\/arturo-fuente\/arturo-fuente-hemingway\/elie-bleu-hemingway-house-of-dreams-60\/","title":{"rendered":"\u0647\u0648\u0645\u064a\u062f\u0648\u0631 \u0625\u064a\u0644\u064a \u0628\u0644\u0648 \u0647\u0645\u0646\u063a\u0648\u0627\u064a \u0647\u0627\u0648\u0633 \u0623\u0648\u0641 \u062f\u0631\u064a\u0645\u0632 (60)"},"content":{"rendered":"<p><strong>\u0625\u064a\u0644\u064a \u0628\u0644\u0648 \u0647\u0645\u0646\u063a\u0648\u0627\u064a \u0628\u064a\u062a \u0627\u0644\u0623\u062d\u0644\u0627\u0645 (60)<\/strong> \u064a\u062c\u0633\u0651\u062f \u0627\u062a\u062d\u0627\u062f \u0627\u0644\u0631\u0642\u064a \u0648\u0627\u0644\u062a\u0642\u0627\u0644\u064a\u062f \u0645\u0646 \u062e\u0644\u0627\u0644 \u062a\u0639\u0627\u0648\u0646 \u0627\u0633\u062a\u062b\u0646\u0627\u0626\u064a \u0628\u064a\u0646 \u0625\u064a\u0644\u064a \u0628\u0644\u0648 \u0648\u0623\u0631\u062a\u0648\u0631\u0648 \u0641\u0648\u064a\u0646\u062a\u064a. \u064a\u0643\u0631\u0651\u0645 \u0647\u0630\u0627 \u0627\u0644\u0625\u0635\u062f\u0627\u0631 \u0627\u0644\u0645\u062d\u062f\u0648\u062f \u0645\u0646 \u0647\u0630\u0627 \u0627\u0644\u0625\u0635\u062f\u0627\u0631 \u0627\u0644\u0645\u062d\u062f\u0648\u062f \u0645\u0646 \u0627\u0644\u0645\u0631\u0637\u0628\u0627\u062a \u0625\u0631\u062b \u0643\u0627\u0631\u0644\u0648\u0633 \u0641\u0648\u064a\u0646\u062a\u064a \u0627\u0644\u0623\u0628\u060c \u0645\u0628\u062a\u0643\u0631 \u062e\u0637 \u0647\u0645\u0646\u063a\u0648\u0627\u064a \u0641\u064a \u0627\u0644\u062b\u0645\u0627\u0646\u064a\u0646\u064a\u0627\u062a. \u064a\u062d\u062a\u0648\u064a \u0639\u0644\u0649 <strong>60 \u0633\u064a\u062c\u0627\u0631 \u0623\u0631\u062a\u0648\u0631\u0648 \u0641\u0648\u064a\u0646\u062a\u064a \u0647\u0645\u0646\u063a\u0648\u0627\u064a \u0623\u0631\u062a\u0648\u0631\u0648 \u0641\u0648\u064a\u0646\u062a\u064a \u0647\u0645\u0646\u063a\u0648\u0627\u064a \u0623\u0648\u0628\u0648\u0633 \u0625\u0643\u0633<\/strong>\u0644\u0627 \u064a\u0645\u0643\u0646 \u0634\u0631\u0627\u0621 \u0647\u0630\u0627 \u0627\u0644\u0625\u0635\u062f\u0627\u0631 \u0627\u0644\u062d\u0635\u0631\u064a \u0625\u0644\u0627 \u0645\u0639 \u0647\u0630\u0627 \u0627\u0644\u0645\u0631\u0637\u0628. \u064a\u0643\u0634\u0641 \u0647\u0630\u0627 \u0627\u0644\u0633\u064a\u062c\u0627\u0631 \u0627\u0644\u0646\u0627\u062f\u0631 \u0639\u0646 \u0644\u0648\u062d\u0629 \u0639\u0637\u0631\u064a\u0629 \u063a\u0646\u064a\u0629 \u0628\u0627\u0644\u0646\u0643\u0647\u0627\u062a \u0627\u0644\u0639\u0637\u0631\u064a\u0629 \u0645\u0639 \u0646\u0641\u062d\u0627\u062a \u062e\u0634\u0628\u064a\u0629 \u0648\u062d\u0627\u0631\u0629\u060c \u062a\u062a\u0637\u0648\u0631 \u0645\u0639 \u0627\u0644\u062a\u0639\u0642\u064a\u062f \u0648\u0627\u0644\u0628\u0631\u0627\u0639\u0629 \u0623\u062b\u0646\u0627\u0621 \u062a\u0630\u0648\u0642\u0647\u0627.<\/p>\n<p>\u0635\u064f\u0646\u0639 \u0641\u064a <strong>\u062c\u0645\u0647\u0648\u0631\u064a\u0629 \u0627\u0644\u062f\u0648\u0645\u064a\u0646\u064a\u0643\u0627\u0646<\/strong>\u0647\u0630\u0627 \u0627\u0644\u0633\u064a\u062c\u0627\u0631 \u0627\u0644\u0627\u0633\u062a\u062b\u0646\u0627\u0626\u064a \u0647\u0648 \u062b\u0645\u0631\u0629 \u062e\u0628\u0631\u0629 \u0641\u0648\u064a\u0646\u062a\u064a \u0627\u0644\u062a\u064a \u0644\u0627 \u0645\u062b\u064a\u0644 \u0644\u0647\u0627. \u0648\u064a\u0638\u0644 \u0645\u0632\u064a\u062c\u0647\u0627 \u0633\u0631\u0627\u064b \u0645\u062d\u0641\u0648\u0638\u0627\u064b \u062c\u064a\u062f\u0627\u064b\u060c \u0645\u0645\u0627 \u064a\u062d\u0627\u0641\u0638 \u0639\u0644\u0649 \u0637\u0627\u0628\u0639\u0647\u0627 \u0627\u0644\u0641\u0631\u064a\u062f \u0648\u0627\u0644\u062d\u0635\u0631\u064a. \u064a\u062a\u0645 \u0627\u062e\u062a\u064a\u0627\u0631 \u0643\u0644 \u0648\u0631\u0642\u0629 \u0645\u0646 \u0623\u0648\u0631\u0627\u0642\u0647\u0627 \u0628\u062f\u0642\u0629 \u0644\u0636\u0645\u0627\u0646 \u062c\u0648\u062f\u0629 \u062b\u0627\u0628\u062a\u0629 \u0648\u0639\u0645\u0642 \u0639\u0637\u0631\u064a \u0644\u0627 \u064a\u0636\u0627\u0647\u0649.<\/p>\n<p>L'<strong>\u0623\u0631\u062a\u0648\u0631\u0648 \u0641\u0648\u064a\u0646\u062a\u064a \u0647\u0645\u0646\u063a\u0648\u0627\u064a \u0623\u0648\u0628\u0648\u0633 \u0625\u0643\u0633<\/strong> \u064a\u0639\u062a\u0645\u062f \u062a\u0646\u0633\u064a\u0642 <strong>\u062c\u0631\u0627\u0646\u062f \u0628\u064a\u0631\u0641\u0643\u062a\u0648<\/strong>\u0628\u0637\u0648\u0644 <strong>177 \u0645\u0645<\/strong> \u0648\u0642\u0637\u0631 <strong>19.8 \u0645\u0645<\/strong>\u0628\u062e\u0627\u062a\u0645 \u0645\u0646 <strong>50<\/strong>. \u062a\u0645\u062a\u062f \u062a\u062c\u0631\u0628\u0629 \u0627\u0644\u062a\u062f\u062e\u064a\u0646 \u0639\u0644\u0649 <strong>80 \u0625\u0644\u0649 100 \u062f\u0642\u064a\u0642\u0629<\/strong>\u0627\u0644\u062a\u0648\u0627\u0632\u0646 \u0627\u0644\u0645\u062b\u0627\u0644\u064a \u0628\u064a\u0646 \u0627\u0644\u0642\u0648\u0629 \u0648\u0627\u0644\u062a\u0639\u0642\u064a\u062f. \u0633\u064a\u062c\u0630\u0628 \u0627\u0644\u062a\u0648\u0627\u0632\u0646 \u0627\u0644\u0645\u062b\u0627\u0644\u064a \u0628\u064a\u0646 \u0627\u0644\u0642\u0648\u0629 \u0648\u0627\u0644\u062a\u0639\u0642\u064a\u062f \u0627\u0644\u0630\u0648\u0627\u0642\u0629 \u0627\u0644\u0628\u0627\u062d\u062b\u064a\u0646 \u0639\u0646 \u0627\u0644\u0623\u062d\u0627\u0633\u064a\u0633 \u0627\u0644\u0639\u0645\u064a\u0642\u0629 \u0648\u0627\u0644\u062f\u0642\u064a\u0642\u0629.<\/p>\n<p>L'<strong>\u0625\u064a\u0644\u064a \u0628\u0644\u0648 \u0647\u0645\u0646\u063a\u0648\u0627\u064a \u0647\u0627\u0648\u0633 \u0623\u0648\u0641 \u062f\u0631\u064a\u0645\u0632 \u0647\u0648\u0645\u064a\u062f\u0648\u0631<\/strong> \u0645\u0633\u062a\u0648\u062d\u0649 \u0645\u0646 \u0645\u0646\u0632\u0644 \u0625\u0631\u0646\u0633\u062a \u0647\u0645\u0646\u063a\u0648\u0627\u064a \u0641\u064a \u0641\u0644\u0648\u0631\u064a\u062f\u0627. \u062a\u0645 \u062a\u0635\u0645\u064a\u0645\u0647 \u0628\u0642\u0634\u0648\u0631 \u062e\u0634\u0628 \u0627\u0644\u062c\u0645\u064a\u0632 \u0648\u0627\u0644\u062a\u0637\u0639\u064a\u0645 \u0627\u0644\u062f\u0642\u064a\u0642\u060c \u0643\u0645\u0627 \u062a\u0645 \u062a\u0639\u0632\u064a\u0632\u0647 \u0628\u0644\u0645\u0633\u0627\u062a \u0645\u0639\u062f\u0646\u064a\u0629 \u0648\u0632\u062c\u0627\u062c \u0645\u0644\u0648\u0646 \u0641\u0646\u064a \u064a\u0639\u0643\u0633 \u062e\u0628\u0631\u0629 \u0625\u064a\u0644\u064a \u0628\u0644\u0648.<\/p>\n<p>\u062a\u0645 \u0625\u0646\u062a\u0627\u062c\u0647 \u0641\u064a <strong>184 \u0646\u0633\u062e\u0629 \u0641\u0642\u0637<\/strong>\u0647\u0630\u0647 \u0627\u0644\u0645\u0631\u0637\u0628\u0629 \u0647\u064a \u0642\u0637\u0639\u0629 \u0645\u0646 \u0645\u0642\u062a\u0646\u064a\u0627\u062a \u0647\u0648\u0627\u0629 \u062c\u0645\u0639 \u0627\u0644\u0631\u0637\u0648\u0628\u0629. \u0645\u0632\u0648\u062f \u0628\u0645\u0627 \u064a\u0644\u064a <strong>60 \u0633\u064a\u062c\u0627\u0631\u0627\u064b \u062d\u0635\u0631\u064a\u0627\u064b<\/strong>\u064a\u0645\u0643\u0646 \u0623\u0646 \u064a\u062d\u062a\u0648\u064a \u0639\u0644\u0649 \u0645\u0627 \u064a\u0635\u0644 \u0625\u0644\u0649 <strong>110<\/strong>\u0647\u0630\u0647 \u0647\u064a \u0627\u0644\u0645\u0633\u0627\u062d\u0629 \u0627\u0644\u0645\u062b\u0627\u0644\u064a\u0629 \u0644\u062d\u0641\u0638 \u0627\u0644\u0645\u062c\u0645\u0648\u0639\u0629 \u0648\u062a\u0639\u0632\u064a\u0632\u0647\u0627. \u0628\u0623\u0628\u0639\u0627\u062f <strong>36.7 \u00d7 32 \u00d7 32 \u00d7 25 \u0633\u0645<\/strong>\u0641\u0647\u0648 \u064a\u062c\u0645\u0639 \u0628\u064a\u0646 \u0627\u0644\u062c\u0645\u0627\u0644\u064a\u0627\u062a \u0648\u0627\u0644\u0648\u0638\u0627\u0626\u0641 \u0627\u0644\u0639\u0645\u0644\u064a\u0629 \u0644\u0639\u0634\u0627\u0642 \u0627\u0644\u0633\u064a\u062c\u0627\u0631 \u0627\u0644\u0623\u0643\u062b\u0631 \u062a\u0637\u0644\u0628\u0627\u064b.<\/p>","protected":false},"excerpt":{"rendered":"<p>\u0645\u0631\u0637\u0628 \u064a\u062d\u062a\u0648\u064a \u0639\u0644\u0649 60 \u0633\u064a\u062c\u0627\u0631\u0627\u064b.<\/p>","protected":false},"featured_media":301136,"template":"","meta":{"_acf_changed":false},"product_brand":[],"product_cat":[27487,16857,26952,19809,19812,19881,21527,24616,21524],"product_tag":[],"class_list":{"0":"post-295812","1":"product","2":"type-product","3":"status-publish","4":"has-post-thumbnail","6":"product_cat-110-cigares","7":"product_cat-arturo-fuente","8":"product_cat-arturo-fuente-hemingway","9":"product_cat-cigares","10":"product_cat-cigares-dominicains","11":"product_cat-editions-limitees-2","12":"product_cat-elie-bleu","13":"product_cat-fuente-fuente-opus-x","14":"product_cat-humidors","15":"product_shipping_class-humidor-avec-cigares","17":"first","18":"instock","19":"taxable","20":"shipping-taxable","21":"purchasable","22":"product-type-simple"},"acf":[],"_links":{"self":[{"href":"https:\/\/cigarquality.com\/ar\/wp-json\/wp\/v2\/product\/295812","targetHints":{"allow":["GET"]}}],"collection":[{"href":"https:\/\/cigarquality.com\/ar\/wp-json\/wp\/v2\/product"}],"about":[{"href":"https:\/\/cigarquality.com\/ar\/wp-json\/wp\/v2\/types\/product"}],"wp:featuredmedia":[{"embeddable":true,"href":"https:\/\/cigarquality.com\/ar\/wp-json\/wp\/v2\/media\/301136"}],"wp:attachment":[{"href":"https:\/\/cigarquality.com\/ar\/wp-json\/wp\/v2\/media?parent=295812"}],"wp:term":[{"taxonomy":"product_brand","embeddable":true,"href":"https:\/\/cigarquality.com\/ar\/wp-json\/wp\/v2\/product_brand?post=295812"},{"taxonomy":"product_cat","embeddable":true,"href":"https:\/\/cigarquality.com\/ar\/wp-json\/wp\/v2\/product_cat?post=295812"},{"taxonomy":"product_tag","embeddable":true,"href":"https:\/\/cigarquality.com\/ar\/wp-json\/wp\/v2\/product_tag?post=295812"}],"curies":[{"name":"\u062f\u0628\u0644\u064a\u0648 \u0628\u064a","href":"https:\/\/api.w.org\/{rel}","templated":true}]}}