{"id":294754,"date":"2024-10-21T16:16:57","date_gmt":"2024-10-21T14:16:57","guid":{"rendered":"https:\/\/cigarquality.com\/?post_type=product&#038;p=294754"},"modified":"2026-02-23T14:03:11","modified_gmt":"2026-02-23T13:03:11","slug":"montecristo-lesprit-la-nuit-humidor-50","status":"publish","type":"product","link":"https:\/\/cigarquality.com\/ar\/boutique\/humidors\/50-cigares\/montecristo-lesprit-la-nuit-humidor-50\/","title":{"rendered":"\u0647\u0648\u0645\u064a\u062f\u0648\u0631 \u0645\u0648\u0646\u062a\u0643\u0631\u064a\u0633\u062a\u0648 \u0630\u0627 \u0646\u0627\u064a\u062a\" \u0627\u0644\u0631\u0648\u062d\u064a\u0629\" (50)"},"content":{"rendered":"<p class=\"p2\">\u00c0 l\u2019occasion de son 150\u1d49 anniversaire, ST Dupont s\u2019associe \u00e0 la prestigieuse marque de Havane, Montecristo, pour cr\u00e9er une nouvelle collection de caves \u00e0 cigares d\u2019exception.<\/p>\n<p class=\"p2\">L'<strong>\u0647\u0648\u0645\u064a\u062f\u0648\u0631 \u0645\u0648\u0646\u062a\u064a\u0643\u0631\u064a\u0633\u062a\u0648 \u0644\u0627 \u0625\u0633\u0628\u0631\u064a\u062a \"\u0644\u0627 \u0646\u0648\u064a\u062a<\/strong> \u0647\u064a \u0627\u0644\u0642\u0637\u0639\u0629 \u0627\u0644\u0631\u0626\u064a\u0633\u064a\u0629 \u0641\u064a \u0647\u0630\u0647 \u0627\u0644\u0645\u062c\u0645\u0648\u0639\u0629 \u0630\u0627\u062a \u0627\u0644\u0623\u0644\u0648\u0627\u0646 \u0627\u0644\u0632\u0627\u0647\u064a\u0629. \u062a\u0635\u0645\u064a\u0645\u0647\u0627 \u0648\u0627\u0633\u0645\u0647\u0627 \u0645\u0633\u062a\u0648\u062d\u0649 \u0645\u0646 \u0631\u0648\u0627\u064a\u0629 \u0623\u0644\u0643\u0633\u0646\u062f\u0631 \u062f\u0648\u0645\u0627 \u0627\u0644\u0634\u0647\u064a\u0631\u0629: \u0643\u0648\u0646\u062a \u0645\u0648\u0646\u062a\u0643\u0631\u064a\u0633\u062a\u0648.<\/p>\n<p class=\"p2\">\u0628\u0627\u0644\u0625\u0636\u0627\u0641\u0629 \u0625\u0644\u0649 \u062c\u0645\u0627\u0644\u064a\u062a\u0647 \u0627\u0644\u0641\u0631\u064a\u062f\u0629\u060c \u0641\u0625\u0646&nbsp;<strong>\u0645\u0648\u0646\u062a\u064a\u0643\u0631\u064a\u0633\u062a\u0648 \u0644\u0627 \u0625\u0633\u0628\u0631\u064a\u062a \"\u0644\u0627 \u0646\u0648\u064a\u062a\" \u0647\u0648\u0645\u064a\u062f\u0648\u0631 \u0645\u0648\u0646\u062a\u064a\u0643\u0631\u064a\u0633\u062a\u0648 <\/strong>\u062a\u062d\u062a\u0648\u064a \u0639\u0644\u0649 50 \u0633\u064a\u062c\u0627\u0631\u0627\u064b \u064a\u064f\u0637\u0644\u0642 \u0639\u0644\u064a\u0647\u0627 \u0627\u0633\u0645 \u00ab\u0628\u0631\u064a\u0633\u064a\u0648\u0633\u0648\u0633\u00bb\u060c \u0645\u0635\u0646\u0648\u0639\u0629 \u062d\u0635\u0631\u064a\u0627\u064b \u0645\u0646 \u0627\u0644\u062a\u0628\u063a \u0627\u0644\u0643\u0648\u0628\u064a. \u062a\u0639\u062f\u0643 \u0647\u0630\u0647 \u0627\u0644\u062a\u0631\u0643\u064a\u0628\u0629 \u0628\u062a\u062c\u0631\u0628\u0629 \u062a\u062f\u062e\u064a\u0646 \u063a\u0646\u064a\u0629 \u0648\u0645\u0643\u062b\u0641\u0629 \u062a\u0644\u064a\u0642 \u0628\u0633\u064a\u062c\u0627\u0631 \u0645\u0648\u0646\u062a\u0643\u0631\u064a\u0633\u062a\u0648 \u0627\u0644\u0631\u0627\u0626\u0639. \u062a\u0646\u0639\u0634 \u0628\u0627\u0642\u0629 \u0645\u0646 \u0627\u0644\u0631\u0648\u0627\u0626\u062d \u0648\u0627\u0644\u0646\u0643\u0647\u0627\u062a \u062a\u062c\u0631\u0628\u0629 \u0627\u0644\u062a\u0630\u0648\u0642: \u0631\u0648\u0627\u0626\u062d \u062d\u0644\u0648\u0629 \u0648\u0644\u0630\u064a\u0630\u0629 \u0648\u062e\u0634\u0628\u064a\u0629 \u0645\u0639 \u0644\u0645\u062d\u0627\u062a \u0645\u0646 \u0627\u0644\u0641\u0627\u0643\u0647\u0629 \u0627\u0644\u0645\u062c\u0641\u0641\u0629 \u0648\u0627\u0644\u062a\u0648\u0627\u0628\u0644. \u064a\u0638\u0647\u0631 \u0627\u0644\u062a\u0639\u0628\u064a\u0631 \u0639\u0646 \u0627\u0644\u0637\u0627\u0628\u0639 \u0627\u0644\u0623\u0642\u0648\u0649 \u0641\u064a \u0627\u0644\u062b\u0644\u062b \u0627\u0644\u0623\u062e\u064a\u0631.&nbsp;<\/p>\n<p class=\"p2\">\u0627\u0644\u0633\u064a\u062c\u0627\u0631 \u0627\u0644\u062c\u062f\u064a\u062f&nbsp;<strong>\u0645\u0648\u0646\u062a\u0643\u0631\u064a\u0633\u062a\u0648 \u0644\u0627 \u0625\u0633\u0628\u0631\u064a\u062a&nbsp;<\/strong>\u0639\u0628\u0627\u0631\u0629 \u0639\u0646 \u0648\u062d\u062f\u0629 \u062a\u0648\u0631\u0648 \u064a\u0628\u0644\u063a \u0637\u0648\u0644\u0647\u0627 145 \u0645\u0644\u0645 \u0648\u0642\u0637\u0631\u0647\u0627 19.8 \u0645\u0644\u0645 (\u0645\u0642\u064a\u0627\u0633 \u0627\u0644\u062d\u0644\u0642\u0629 50). \u064a\u064f\u0642\u062f\u064e\u0651\u0631 \u0648\u0642\u062a \u062a\u062f\u062e\u064a\u0646 \u0647\u0630\u0627 \u0627\u0644\u0633\u064a\u062c\u0627\u0631 \u0628\u0645\u0627 \u064a\u062a\u0631\u0627\u0648\u062d \u0628\u064a\u0646 45 \u064860 \u062f\u0642\u064a\u0642\u0629\u060c \u0645\u0645\u0627 \u064a\u0648\u0641\u0631 \u062a\u062c\u0631\u0628\u0629 \u062a\u0630\u0648\u0642 \u0645\u0645\u062a\u062f\u0629 \u0644\u0644\u0627\u0633\u062a\u0645\u062a\u0627\u0639 \u0628\u0643\u0644 \u063a\u0631\u0648\u0628 \u0634\u0645\u0633.<\/p>\n<p class=\"p2\">\u064a\u0639\u062f \u0647\u0630\u0627 \u0627\u0644\u0625\u0646\u062a\u0627\u062c \u0627\u0644\u062d\u0635\u0631\u064a \u0623\u0643\u062b\u0631 \u0646\u062f\u0631\u0629 \u062d\u064a\u062b \u0644\u0627 \u064a\u062a\u0648\u0641\u0631 \u0633\u0648\u0649 200 \u0639\u0644\u0628\u0629 \u0641\u0642\u0637 \u0641\u064a \u062c\u0645\u064a\u0639 \u0623\u0646\u062d\u0627\u0621 \u0627\u0644\u0639\u0627\u0644\u0645. \u0643\u0644 \u0639\u0644\u0628\u0629 \u0645\u0631\u0642\u0651\u0645\u0629 \u0628\u062f\u0642\u0629\u060c \u0645\u0645\u0627 \u064a\u0636\u0645\u0646 \u0623\u0635\u0627\u0644\u0629 \u0643\u0644 \u0642\u0637\u0639\u0629 (\u0645\u0631\u0642\u0651\u0645\u0629 \u0648\u063a\u064a\u0631 \u0645\u0631\u0642\u0651\u0645\u0629 \u0645\u0633\u0628\u0642\u0627\u064b).<\/p>","protected":false},"excerpt":{"rendered":"<p>\u0645\u0631\u0637\u0628 \u064a\u062d\u062a\u0648\u064a \u0639\u0644\u0649 50 \u0633\u064a\u062c\u0627\u0631\u0627\u064b.<\/p>","protected":false},"featured_media":294973,"template":"","meta":{"_acf_changed":false},"product_brand":[],"product_cat":[21652,19809,19845,19881,21524,20617],"product_tag":[],"class_list":{"0":"post-294754","1":"product","2":"type-product","3":"status-publish","4":"has-post-thumbnail","6":"product_cat-50-cigares","7":"product_cat-cigares","8":"product_cat-cigares-cubains","9":"product_cat-editions-limitees-2","10":"product_cat-humidors","11":"product_cat-montecristo","12":"product_shipping_class-humidor-avec-cigares","14":"first","15":"instock","16":"sold-individually","17":"taxable","18":"shipping-taxable","19":"purchasable","20":"product-type-simple"},"acf":[],"_links":{"self":[{"href":"https:\/\/cigarquality.com\/ar\/wp-json\/wp\/v2\/product\/294754","targetHints":{"allow":["GET"]}}],"collection":[{"href":"https:\/\/cigarquality.com\/ar\/wp-json\/wp\/v2\/product"}],"about":[{"href":"https:\/\/cigarquality.com\/ar\/wp-json\/wp\/v2\/types\/product"}],"wp:featuredmedia":[{"embeddable":true,"href":"https:\/\/cigarquality.com\/ar\/wp-json\/wp\/v2\/media\/294973"}],"wp:attachment":[{"href":"https:\/\/cigarquality.com\/ar\/wp-json\/wp\/v2\/media?parent=294754"}],"wp:term":[{"taxonomy":"product_brand","embeddable":true,"href":"https:\/\/cigarquality.com\/ar\/wp-json\/wp\/v2\/product_brand?post=294754"},{"taxonomy":"product_cat","embeddable":true,"href":"https:\/\/cigarquality.com\/ar\/wp-json\/wp\/v2\/product_cat?post=294754"},{"taxonomy":"product_tag","embeddable":true,"href":"https:\/\/cigarquality.com\/ar\/wp-json\/wp\/v2\/product_tag?post=294754"}],"curies":[{"name":"\u062f\u0628\u0644\u064a\u0648 \u0628\u064a","href":"https:\/\/api.w.org\/{rel}","templated":true}]}}