{"id":291963,"date":"2024-06-18T10:26:14","date_gmt":"2024-06-18T08:26:14","guid":{"rendered":"https:\/\/cigarquality.com\/?post_type=product&#038;p=291963"},"modified":"2025-05-01T09:42:18","modified_gmt":"2025-05-01T07:42:18","slug":"juan-lopez-adon-er-liban-20","status":"publish","type":"product","link":"https:\/\/cigarquality.com\/ar\/boutique\/cigares\/juan-lopez-adon-er-liban-20\/","title":{"rendered":"\u062e\u0648\u0627\u0646 \u0644\u0648\u0628\u064a\u0632 \u0623\u062f\u0648\u0646 \u0625.\u0631. \u0644\u0628\u0646\u0627\u0646 (20)"},"content":{"rendered":"<p class=\"p1\">\u0627\u0644\u0633\u064a\u062c\u0627\u0631 <strong>\u062e\u0648\u0627\u0646 \u0644\u0648\u0628\u064a\u0632 \u0623\u062f\u0648\u0646 \u0625\u064a \u0622\u0631 \u0644\u0628\u0646\u0627\u0646<\/strong> est la 12\u1d49 \u00e9dition r\u00e9gionale de Habanos SA pour le Liban, distribu\u00e9 par Phoenicia TAA Cyprus Ltd.<\/p>\n<p class=\"p1\">\u0647\u0630\u0627 <strong>\u062e\u0648\u0627\u0646 \u0644\u0648\u0628\u064a\u0632 \u0623\u062f\u0648\u0646 \u0625\u064a \u0622\u0631 \u0644\u0628\u0646\u0627\u0646 <\/strong>\u0647\u0648<strong> <\/strong>\u0628\u0648\u0631\u0648 \u0643\u0648\u0628\u064a \u0645\u0639\u0628\u0623 \u0641\u064a \u0635\u0646\u062f\u0648\u0642 \u062e\u0634\u0628\u064a \u0645\u0637\u0644\u064a \u0628\u0627\u0644\u0648\u0631\u0646\u064a\u0634. \u0627\u0633\u0645\u0647\u0627 \"\u0623\u062f\u0648\u0646\" \u0645\u0633\u062a\u0648\u062d\u0649 \u0645\u0646 \u0623\u062f\u0648\u0646\u064a\u0633\u060c \u0625\u0644\u0647 \u0627\u0644\u062c\u0645\u0627\u0644 \u0648\u0627\u0644\u062c\u0627\u0630\u0628\u064a\u0629 \u0641\u064a \u0627\u0644\u0623\u0633\u0627\u0637\u064a\u0631 \u0627\u0644\u064a\u0648\u0646\u0627\u0646\u064a\u0629.<\/p>\n<p class=\"p1\">\u0627\u0644\u0633\u064a\u062c\u0627\u0631 <strong>\u062e\u0648\u0627\u0646 \u0644\u0648\u0628\u064a\u0632 \u0623\u062f\u0648\u0646 \u0625\u064a \u0622\u0631 \u0644\u0628\u0646\u0627\u0646 <\/strong>\u0647\u064a \u0648\u062d\u062f\u0629 \u0631\u0648\u0628\u0648\u0633\u062a\u0648\u060c \u0648\u0627\u0644\u0645\u0639\u0631\u0648\u0641\u0629 \u0623\u064a\u0636\u0627\u064b \u0628\u0627\u0633\u0645 \"\u0645\u0648\u0646\u062a\u064a\u0633\u0643\u0648\". \u064a\u0628\u0644\u063a \u0637\u0648\u0644\u0647\u0627 130 \u0645\u0644\u0645 \u0648\u0642\u0637\u0631\u0647\u0627 21.8 \u0645\u0644\u0645 (\u0627\u0644\u062d\u0644\u0642\u0629 55). \u064a\u064f\u0642\u062f\u064e\u0651\u0631 \u0648\u0642\u062a \u0627\u0644\u062a\u0630\u0648\u0642 \u0628\u0645\u0627 \u064a\u062a\u0631\u0627\u0648\u062d \u0628\u064a\u0646 45 \u064860 \u062f\u0642\u064a\u0642\u0629\u060c \u0645\u0645\u0627 \u064a\u0648\u0641\u0631 \u0644\u062d\u0638\u0629 \u062b\u0645\u064a\u0646\u0629 \u0645\u0646 \u0627\u0644\u0627\u0633\u062a\u0631\u062e\u0627\u0621.<\/p>\n<p class=\"p1\">\u064a\u0642\u062a\u0635\u0631 \u0647\u0630\u0627 \u0627\u0644\u0625\u0635\u062f\u0627\u0631 \u0627\u0644\u0625\u0642\u0644\u064a\u0645\u064a \u0639\u0644\u0649 10,000 \u0639\u0644\u0628\u0629 \u0645\u0631\u0642\u0645\u0629\u060c \u0645\u0645\u0627 \u064a\u062c\u0639\u0644 \u0643\u0644 \u0642\u0637\u0639\u0629 \u0641\u0631\u064a\u062f\u0629 \u0645\u0646 \u0646\u0648\u0639\u0647\u0627 \u0648\u0645\u0637\u0644\u0648\u0628\u0629 \u0645\u0646 \u0642\u0628\u0644 \u0647\u0648\u0627\u0629 \u0627\u0644\u0633\u064a\u062c\u0627\u0631.<\/p>","protected":false},"excerpt":{"rendered":"<p><span>\u0639\u0644\u0628\u0629 \u0645\u0646 20 \u0633\u064a\u062c\u0627\u0631.<\/span><\/p>","protected":false},"featured_media":292083,"template":"","meta":{"_acf_changed":false},"product_brand":[],"product_cat":[19809,19845],"product_tag":[],"class_list":{"0":"post-291963","1":"product","2":"type-product","3":"status-publish","4":"has-post-thumbnail","6":"product_cat-cigares","7":"product_cat-cigares-cubains","9":"first","10":"instock","11":"taxable","12":"shipping-taxable","13":"purchasable","14":"product-type-simple"},"acf":[],"_links":{"self":[{"href":"https:\/\/cigarquality.com\/ar\/wp-json\/wp\/v2\/product\/291963","targetHints":{"allow":["GET"]}}],"collection":[{"href":"https:\/\/cigarquality.com\/ar\/wp-json\/wp\/v2\/product"}],"about":[{"href":"https:\/\/cigarquality.com\/ar\/wp-json\/wp\/v2\/types\/product"}],"wp:featuredmedia":[{"embeddable":true,"href":"https:\/\/cigarquality.com\/ar\/wp-json\/wp\/v2\/media\/292083"}],"wp:attachment":[{"href":"https:\/\/cigarquality.com\/ar\/wp-json\/wp\/v2\/media?parent=291963"}],"wp:term":[{"taxonomy":"product_brand","embeddable":true,"href":"https:\/\/cigarquality.com\/ar\/wp-json\/wp\/v2\/product_brand?post=291963"},{"taxonomy":"product_cat","embeddable":true,"href":"https:\/\/cigarquality.com\/ar\/wp-json\/wp\/v2\/product_cat?post=291963"},{"taxonomy":"product_tag","embeddable":true,"href":"https:\/\/cigarquality.com\/ar\/wp-json\/wp\/v2\/product_tag?post=291963"}],"curies":[{"name":"\u062f\u0628\u0644\u064a\u0648 \u0628\u064a","href":"https:\/\/api.w.org\/{rel}","templated":true}]}}